{"id":1147,"date":"2024-02-17T16:40:57","date_gmt":"2024-02-17T15:40:57","guid":{"rendered":"http:\/\/www.gesundequartiere.de\/?page_id=1147"},"modified":"2026-04-15T11:58:57","modified_gmt":"2026-04-15T09:58:57","slug":"gesunde-quartiere-2-0","status":"publish","type":"page","link":"https:\/\/gesundequartiere.de\/","title":{"rendered":"Start"},"content":{"rendered":"\n<p><\/p>\n\n\n\n<p class=\"has-black-color has-gray-background-color has-text-color has-background has-link-color has-normal-font-size wp-elements-bd47b005c495b8ac2363570148768432\"><strong>Das Forschungsprojekt \u201eGesunde Quartiere 2.0\u201c<\/strong><\/p>\n\n\n\n<p class=\"has-normal-font-size\">Die Lebensqualit\u00e4t in st\u00e4dtischen Gebieten zu erhalten bzw. zu verbessern, geh\u00f6rt zu einer der gr\u00f6\u00dften Herausforderungen in einer wachsenden Gro\u00dfstadt. Mit dem Projekt <strong>\u201eGesunde Quartiere 2.0\u201c<\/strong>, das an das vorangegangene Projekt \u201eGesunde Quartiere\u201c anschlie\u00dft, erforscht und entwickelt ein interdisziplin\u00e4res Team von Wissenschaftler*innen der Hochschule f\u00fcr Angewandte Wissenschaften Hamburg, der Hafen-City-Universit\u00e4t Hamburg und der Otto-von-Guericke-Universit\u00e4t Magdeburg in Zusammenarbeit mit der Hamburgischen Arbeitsgemeinschaft f\u00fcr Gesundheitsf\u00f6rderung e. V. und den beteiligten Krankenkassen (AOK Rheinland\/Hamburg, DAK, Mobil Krankenkasse, Techniker Krankenkasse) Ans\u00e4tze, mit denen die Gesundheit und Lebensqualit\u00e4t in sozial benachteiligten Hamburger Quartieren verbessert werden k\u00f6nnen.<\/p>\n\n\n\n<p class=\"has-normal-font-size\">&nbsp;\u201eGesunde Quartiere 2.0\u201c soll Ansatzpunkte identifizieren, die dazu beitragen, dass Pr\u00e4ventionstr\u00e4ger und kommunal Verantwortliche Ma\u00dfnahmen zur Gesundheitsf\u00f6rderung und Pr\u00e4vention adressat*innengerechter konzipieren und implementieren. Das multi-modal angelegte Forschungsvorhaben befasst sich kleinr\u00e4umig aufgel\u00f6st intensiv mit Gesundheit und Lebensqualit\u00e4t &#8211; einerseits f\u00fcr Versicherte der beteiligten Krankenkassen aus ganz Hamburg, andererseits in vier konkreten ausgew\u00e4hlten Quartieren der Stadt.<\/p>\n\n\n\n<p class=\"has-normal-font-size\"><strong>Zielsetzung<\/strong><\/p>\n\n\n\n<p class=\"has-normal-font-size\">Vor dem Hintergrund des bekannten Pr\u00e4ventionsdilemmas sollen die Wahrnehmungen, Strukturen und Angebote zur Gesundheitsf\u00f6rderung und Pr\u00e4vention aus unterschiedlichen Perspektiven, insbesondere soziallagenabh\u00e4ngig erforscht werden und Hinweise zur adressat*innengerechteren Ausgestaltung entsprechender Ma\u00dfnahmen abgeleitet werden.<\/p>\n\n\n\n<hr class=\"wp-block-separator has-alpha-channel-opacity is-style-default\"\/>\n\n\n<ul class=\"wp-block-page-list has-normal-font-size\"><li class=\"wp-block-pages-list__item\"><a class=\"wp-block-pages-list__item__link\" href=\"https:\/\/gesundequartiere.de\/index.php\/gesunde-quartiere-2-0\/beteiligte\/\">Beteiligte<\/a><\/li><li class=\"wp-block-pages-list__item\"><a class=\"wp-block-pages-list__item__link\" href=\"https:\/\/gesundequartiere.de\/index.php\/gesunde-quartiere-2-0\/foerderung\/\">F\u00f6rderung<\/a><\/li><li class=\"wp-block-pages-list__item\"><a class=\"wp-block-pages-list__item__link\" href=\"https:\/\/gesundequartiere.de\/index.php\/gesunde-quartiere-2-0\/projektbeschreibung\/\">Projektbeschreibung<\/a><\/li><\/ul>","protected":false},"excerpt":{"rendered":"<p>Das Forschungsprojekt \u201eGesunde Quartiere 2.0\u201c Die Lebensqualit\u00e4t in st\u00e4dtischen Gebieten zu erhalten bzw. zu verbessern, geh\u00f6rt zu einer der gr\u00f6\u00dften Herausforderungen in einer wachsenden Gro\u00dfstadt. Mit dem Projekt \u201eGesunde Quartiere 2.0\u201c, das an das vorangegangene Projekt \u201eGesunde Quartiere\u201c anschlie\u00dft, erforscht <a class=\"more-link\" href=\"https:\/\/gesundequartiere.de\/\">weiterlesen&#8230;<\/a><\/p>\n","protected":false},"author":4,"featured_media":0,"parent":0,"menu_order":1,"comment_status":"closed","ping_status":"closed","template":"","meta":{"footnotes":""},"class_list":["post-1147","page","type-page","status-publish","hentry"],"_links":{"self":[{"href":"https:\/\/gesundequartiere.de\/index.php\/wp-json\/wp\/v2\/pages\/1147","targetHints":{"allow":["GET"]}}],"collection":[{"href":"https:\/\/gesundequartiere.de\/index.php\/wp-json\/wp\/v2\/pages"}],"about":[{"href":"https:\/\/gesundequartiere.de\/index.php\/wp-json\/wp\/v2\/types\/page"}],"author":[{"embeddable":true,"href":"https:\/\/gesundequartiere.de\/index.php\/wp-json\/wp\/v2\/users\/4"}],"replies":[{"embeddable":true,"href":"https:\/\/gesundequartiere.de\/index.php\/wp-json\/wp\/v2\/comments?post=1147"}],"version-history":[{"count":40,"href":"https:\/\/gesundequartiere.de\/index.php\/wp-json\/wp\/v2\/pages\/1147\/revisions"}],"predecessor-version":[{"id":2021,"href":"https:\/\/gesundequartiere.de\/index.php\/wp-json\/wp\/v2\/pages\/1147\/revisions\/2021"}],"wp:attachment":[{"href":"https:\/\/gesundequartiere.de\/index.php\/wp-json\/wp\/v2\/media?parent=1147"}],"curies":[{"name":"wp","href":"https:\/\/api.w.org\/{rel}","templated":true}]}}