{"id":1342,"date":"2024-08-01T11:51:58","date_gmt":"2024-08-01T09:51:58","guid":{"rendered":"https:\/\/www.gesundequartiere.de\/?page_id=1342"},"modified":"2025-02-16T18:32:43","modified_gmt":"2025-02-16T17:32:43","slug":"wie-wird-das-erforscht","status":"publish","type":"page","link":"https:\/\/gesundequartiere.de\/index.php\/einfachesprache\/wie-wird-das-erforscht\/","title":{"rendered":"Wie wird das erforscht?"},"content":{"rendered":"\n<div style=\"height:30px\" aria-hidden=\"true\" class=\"wp-block-spacer\"><\/div>\n\n\n\n<p class=\"has-normal-font-size\">Wir forschen in f\u00fcnf Schritten:<\/p>\n\n\n\n<ol class=\"wp-block-list has-normal-font-size\">\n<li class=\"has-normal-font-size\"><strong>Krankenkassen<\/strong> sammeln viele Informationen.<br>Sie schreiben auf, wenn eine Person beim Arzt war.<br>Sie schreiben auch auf, welche Medizin eine Person bekommt.<br>Diese Informationen m\u00f6chten wir genauer anschauen.<\/li>\n\n\n\n<li class=\"has-normal-font-size\">Wir m\u00f6chten mit <strong>Menschen aus den Quartieren<\/strong> sprechen.<br>Wir unterst\u00fctzen Menschen dabei, dass sie &nbsp;miteinander sprechen.<br>Sie sollen gemeinsam \u00fcber das Thema Gesundheit sprechen.<br>Gemeinsam erstellen wir eine Karte von ihrem Quartier.<br>Die Karte soll diese Frage beantworten: Wo ist es gesund oder ungesund?<\/li>\n\n\n\n<li class=\"has-normal-font-size\">Wir verschicken einen <strong>Fragebogen<\/strong>.<br>Der Fragebogen kommt mit einem Brief.<br>Die Antworten k\u00f6nnen auch am Handy oder am Computer geschrieben werden.<\/li>\n\n\n\n<li class=\"has-normal-font-size\">Wir sammeln alle <strong>Informationen<\/strong>.<br>Dann k\u00f6nnen wir die Informationen vergleichen.<br>Dann wissen wir besser, wie Quartiere ges\u00fcnder werden k\u00f6nnen.<\/li>\n\n\n\n<li class=\"has-normal-font-size\">Wir m\u00f6chten Allen die <strong>Ergebnisse<\/strong> zeigen.<br>Danach sollen Krankenkassen und die Hamburger Beh\u00f6rden unsere Informationen bekommen.<\/li>\n<\/ol>\n","protected":false},"excerpt":{"rendered":"<p>Wir forschen in f\u00fcnf Schritten:<\/p>\n","protected":false},"author":4,"featured_media":0,"parent":1230,"menu_order":3,"comment_status":"closed","ping_status":"closed","template":"","meta":{"footnotes":""},"class_list":["post-1342","page","type-page","status-publish","hentry"],"_links":{"self":[{"href":"https:\/\/gesundequartiere.de\/index.php\/wp-json\/wp\/v2\/pages\/1342","targetHints":{"allow":["GET"]}}],"collection":[{"href":"https:\/\/gesundequartiere.de\/index.php\/wp-json\/wp\/v2\/pages"}],"about":[{"href":"https:\/\/gesundequartiere.de\/index.php\/wp-json\/wp\/v2\/types\/page"}],"author":[{"embeddable":true,"href":"https:\/\/gesundequartiere.de\/index.php\/wp-json\/wp\/v2\/users\/4"}],"replies":[{"embeddable":true,"href":"https:\/\/gesundequartiere.de\/index.php\/wp-json\/wp\/v2\/comments?post=1342"}],"version-history":[{"count":2,"href":"https:\/\/gesundequartiere.de\/index.php\/wp-json\/wp\/v2\/pages\/1342\/revisions"}],"predecessor-version":[{"id":1532,"href":"https:\/\/gesundequartiere.de\/index.php\/wp-json\/wp\/v2\/pages\/1342\/revisions\/1532"}],"up":[{"embeddable":true,"href":"https:\/\/gesundequartiere.de\/index.php\/wp-json\/wp\/v2\/pages\/1230"}],"wp:attachment":[{"href":"https:\/\/gesundequartiere.de\/index.php\/wp-json\/wp\/v2\/media?parent=1342"}],"curies":[{"name":"wp","href":"https:\/\/api.w.org\/{rel}","templated":true}]}}