{"id":1364,"date":"2024-08-01T12:32:08","date_gmt":"2024-08-01T10:32:08","guid":{"rendered":"https:\/\/www.gesundequartiere.de\/?page_id=1364"},"modified":"2025-04-04T13:36:58","modified_gmt":"2025-04-04T11:36:58","slug":"foerderung","status":"publish","type":"page","link":"https:\/\/gesundequartiere.de\/index.php\/gesunde-quartiere-2-0\/foerderung\/","title":{"rendered":"F\u00f6rderung"},"content":{"rendered":"\n<div style=\"height:30px\" aria-hidden=\"true\" class=\"wp-block-spacer\"><\/div>\n\n\n\n<p>Das Projekt wird durch den Innovationsfonds beim Gemeinsamen Bundesausschuss (G-BA) gef\u00f6rdert. Der G-BA ist das h\u00f6chste Gremium der Selbstverwaltung im Gesundheitswesen Deutschlands.<\/p>\n\n\n\n<figure class=\"wp-block-table is-style-regular\"><table><tbody><tr><td>F\u00f6rderkennzeichen<\/td><td>01VSF22038<\/td><\/tr><tr><td>F\u00f6rdertitel<\/td><td>KAbAPr\u00e4v_sozial &#8211; Gesunde Quartiere 2.0 &#8211; <strong>K<\/strong>leinr\u00e4umige Analysen zur <strong>b<\/strong>edarfsgerechten <strong>A<\/strong>usgestaltung von <strong>Pr\u00e4v<\/strong>entionsleistungen in <strong>sozial<\/strong> benachteiligten Bev\u00f6lkerungsgruppen<\/td><\/tr><tr><td>F\u00f6rderzeitraum<\/td><td>01. Juli 2023 \u2013 30. Juni 2026<\/td><\/tr><\/tbody><\/table><\/figure>\n\n\n<div class=\"wp-block-image is-style-default\">\n<figure class=\"aligncenter size-medium\"><a href=\"https:\/\/www.g-ba.de\/\"><img loading=\"lazy\" decoding=\"async\" width=\"300\" height=\"180\" src=\"https:\/\/www.gesundequartiere.de\/wp-content\/uploads\/2024\/02\/G-BA_IA-Foerderung_Web_Farbe_positiv-300x180.gif\" alt=\"\" class=\"wp-image-1198\" style=\"object-fit:cover\"\/><\/a><\/figure>\n<\/div>","protected":false},"excerpt":{"rendered":"<p>Das Projekt wird durch den Innovationsfonds beim Gemeinsamen Bundesausschuss (G-BA) gef\u00f6rdert. Der G-BA ist das h\u00f6chste Gremium der Selbstverwaltung im Gesundheitswesen Deutschlands. F\u00f6rderkennzeichen 01VSF22038 F\u00f6rdertitel KAbAPr\u00e4v_sozial &#8211; Gesunde Quartiere 2.0 &#8211; Kleinr\u00e4umige Analysen zur bedarfsgerechten Ausgestaltung von Pr\u00e4ventionsleistungen in sozial <a class=\"more-link\" href=\"https:\/\/gesundequartiere.de\/index.php\/gesunde-quartiere-2-0\/foerderung\/\">weiterlesen&#8230;<\/a><\/p>\n","protected":false},"author":4,"featured_media":0,"parent":1147,"menu_order":2,"comment_status":"closed","ping_status":"closed","template":"","meta":{"footnotes":""},"class_list":["post-1364","page","type-page","status-publish","hentry"],"_links":{"self":[{"href":"https:\/\/gesundequartiere.de\/index.php\/wp-json\/wp\/v2\/pages\/1364","targetHints":{"allow":["GET"]}}],"collection":[{"href":"https:\/\/gesundequartiere.de\/index.php\/wp-json\/wp\/v2\/pages"}],"about":[{"href":"https:\/\/gesundequartiere.de\/index.php\/wp-json\/wp\/v2\/types\/page"}],"author":[{"embeddable":true,"href":"https:\/\/gesundequartiere.de\/index.php\/wp-json\/wp\/v2\/users\/4"}],"replies":[{"embeddable":true,"href":"https:\/\/gesundequartiere.de\/index.php\/wp-json\/wp\/v2\/comments?post=1364"}],"version-history":[{"count":3,"href":"https:\/\/gesundequartiere.de\/index.php\/wp-json\/wp\/v2\/pages\/1364\/revisions"}],"predecessor-version":[{"id":1903,"href":"https:\/\/gesundequartiere.de\/index.php\/wp-json\/wp\/v2\/pages\/1364\/revisions\/1903"}],"up":[{"embeddable":true,"href":"https:\/\/gesundequartiere.de\/index.php\/wp-json\/wp\/v2\/pages\/1147"}],"wp:attachment":[{"href":"https:\/\/gesundequartiere.de\/index.php\/wp-json\/wp\/v2\/media?parent=1364"}],"curies":[{"name":"wp","href":"https:\/\/api.w.org\/{rel}","templated":true}]}}