{"id":1368,"date":"2024-08-01T12:47:26","date_gmt":"2024-08-01T10:47:26","guid":{"rendered":"https:\/\/www.gesundequartiere.de\/?page_id=1368"},"modified":"2025-03-26T22:08:16","modified_gmt":"2025-03-26T21:08:16","slug":"beteiligte","status":"publish","type":"page","link":"https:\/\/gesundequartiere.de\/index.php\/gesunde-quartiere-2-0\/beteiligte\/","title":{"rendered":"Beteiligte"},"content":{"rendered":"\n<div style=\"height:30px\" aria-hidden=\"true\" class=\"wp-block-spacer\"><\/div>\n\n\n\n<p class=\"has-normal-font-size\">Das Projekt wird von einem Verbund mehrerer Organisationen durchgef\u00fchrt. <strong>Prof. Dr. Susanne Busch<\/strong> (Competence Center Gesundheit &#8211; CCG an der HAW Hamburg) hat die Projektleitung inne. <strong>Prof. Dr. Enno Swart<\/strong> (Otto-von-Guericke-Universit\u00e4t Magdeburg) ist stellvertretende Projektleitung.<\/p>\n\n\n\n<figure class=\"wp-block-image\"><img loading=\"lazy\" decoding=\"async\" width=\"2000\" height=\"1333\" src=\"http:\/\/www.gesundequartiere.de\/wp-content\/uploads\/2025\/03\/Teamfoto_Tagung-Juli-2024.jpg\" alt=\"\" class=\"wp-image-1644\" srcset=\"https:\/\/gesundequartiere.de\/wp-content\/uploads\/2025\/03\/Teamfoto_Tagung-Juli-2024.jpg 2000w, https:\/\/gesundequartiere.de\/wp-content\/uploads\/2025\/03\/Teamfoto_Tagung-Juli-2024-300x200.jpg 300w, https:\/\/gesundequartiere.de\/wp-content\/uploads\/2025\/03\/Teamfoto_Tagung-Juli-2024-1024x682.jpg 1024w, https:\/\/gesundequartiere.de\/wp-content\/uploads\/2025\/03\/Teamfoto_Tagung-Juli-2024-768x512.jpg 768w, https:\/\/gesundequartiere.de\/wp-content\/uploads\/2025\/03\/Teamfoto_Tagung-Juli-2024-1536x1024.jpg 1536w\" sizes=\"auto, (max-width: 2000px) 100vw, 2000px\" \/><figcaption class=\"wp-element-caption\">Ein Teil des Projektteams im Juli 2024, v.l.n.r.: Susanne Busch, Lasse Jenner-Nissen, Enno Swart, Dominic Behde, J\u00f6rg Pohlan, Daniel Franz, Denise Kubat, Sabine W\u00f6hlke, Assmaa Benelhassane, Natalie Kr\u00e4mer<\/figcaption><\/figure>\n\n\n\n<hr class=\"wp-block-separator has-alpha-channel-opacity\"\/>\n\n\n\n<figure class=\"wp-block-table\"><table class=\"has-fixed-layout\"><tbody><tr><td class=\"has-text-align-center\" data-align=\"center\"><a href=\"https:\/\/www.haw-hamburg.de\/ccg\/\" target=\"_blank\" rel=\"noreferrer noopener\"><img loading=\"lazy\" decoding=\"async\" width=\"200\" height=\"49\" class=\"wp-image-1168\" style=\"width: 200px;\" src=\"http:\/\/www.gesundequartiere.de\/wp-content\/uploads\/2024\/02\/HAW_MarkeCCG_RGB_512px.png\" alt=\"\" srcset=\"https:\/\/gesundequartiere.de\/wp-content\/uploads\/2024\/02\/HAW_MarkeCCG_RGB_512px.png 512w, https:\/\/gesundequartiere.de\/wp-content\/uploads\/2024\/02\/HAW_MarkeCCG_RGB_512px-300x74.png 300w\" sizes=\"auto, (max-width: 200px) 100vw, 200px\" \/><\/a><\/td><td class=\"has-text-align-center\" data-align=\"center\"><a href=\"http:\/\/www.ismg.ovgu.de\/\" target=\"_blank\" rel=\"noreferrer noopener\"><img loading=\"lazy\" decoding=\"async\" width=\"150\" height=\"54\" class=\"wp-image-1169\" style=\"width: 150px;\" src=\"http:\/\/www.gesundequartiere.de\/wp-content\/uploads\/2024\/02\/OVGU_Logo_512.png\" alt=\"\" srcset=\"https:\/\/gesundequartiere.de\/wp-content\/uploads\/2024\/02\/OVGU_Logo_512.png 512w, https:\/\/gesundequartiere.de\/wp-content\/uploads\/2024\/02\/OVGU_Logo_512-300x108.png 300w\" sizes=\"auto, (max-width: 150px) 100vw, 150px\" \/><\/a><\/td><td class=\"has-text-align-center\" data-align=\"center\"><a href=\"https:\/\/www.hcu-hamburg.de\/\" target=\"_blank\" rel=\"noreferrer noopener\"><img loading=\"lazy\" decoding=\"async\" width=\"150\" height=\"38\" class=\"wp-image-1260\" style=\"width: 150px;\" src=\"http:\/\/www.gesundequartiere.de\/wp-content\/uploads\/2024\/06\/HCU_Logo_de_RGB_blau.png\" alt=\"\" srcset=\"https:\/\/gesundequartiere.de\/wp-content\/uploads\/2024\/06\/HCU_Logo_de_RGB_blau.png 1921w, https:\/\/gesundequartiere.de\/wp-content\/uploads\/2024\/06\/HCU_Logo_de_RGB_blau-300x75.png 300w, https:\/\/gesundequartiere.de\/wp-content\/uploads\/2024\/06\/HCU_Logo_de_RGB_blau-1024x257.png 1024w, https:\/\/gesundequartiere.de\/wp-content\/uploads\/2024\/06\/HCU_Logo_de_RGB_blau-768x193.png 768w, https:\/\/gesundequartiere.de\/wp-content\/uploads\/2024\/06\/HCU_Logo_de_RGB_blau-1536x386.png 1536w\" sizes=\"auto, (max-width: 150px) 100vw, 150px\" \/><\/a><\/td><\/tr><tr><td class=\"has-text-align-center\" data-align=\"center\"><a href=\"https:\/\/www.hag-gesundheit.de\/home\" target=\"_blank\" rel=\"noreferrer noopener\"><img loading=\"lazy\" decoding=\"async\" width=\"125\" height=\"53\" class=\"wp-image-1213\" style=\"width: 125px;\" src=\"http:\/\/www.gesundequartiere.de\/wp-content\/uploads\/2024\/02\/logo-neu_profile_150px.png\" alt=\"\"><\/a><\/td><td class=\"has-text-align-center\" data-align=\"center\"><a href=\"https:\/\/www.aok.de\/pk\/rh\/\" target=\"_blank\" rel=\"noreferrer noopener\"><img loading=\"lazy\" decoding=\"async\" width=\"150\" height=\"75\" class=\"wp-image-1210\" style=\"width: 150px;\" src=\"http:\/\/www.gesundequartiere.de\/wp-content\/uploads\/2024\/02\/AOK_Logo_Fremd_Rheinland_Hamburg_Vert_Gruen_RGB_150px.png\" alt=\"\"><\/a><\/td><td class=\"has-text-align-center\" data-align=\"center\"><a href=\"https:\/\/www.dak.de\/\" target=\"_blank\" rel=\"noreferrer noopener\"><img loading=\"lazy\" decoding=\"async\" width=\"100\" height=\"52\" class=\"wp-image-1209\" style=\"width: 100px;\" src=\"http:\/\/www.gesundequartiere.de\/wp-content\/uploads\/2024\/02\/DAK_Ges_Logo_4c_Offset_ohne_claim2_150px.png\" alt=\"\"><\/a><\/td><\/tr><tr><td class=\"has-text-align-center\" data-align=\"center\"><a href=\"https:\/\/www.tk.de\/techniker\" target=\"_blank\" rel=\"noreferrer noopener\"><img loading=\"lazy\" decoding=\"async\" width=\"100\" height=\"100\" class=\"wp-image-1212\" style=\"width: 100px;\" src=\"http:\/\/www.gesundequartiere.de\/wp-content\/uploads\/2024\/02\/TK-Logo_klein_150px.png\" alt=\"\" srcset=\"https:\/\/gesundequartiere.de\/wp-content\/uploads\/2024\/02\/TK-Logo_klein_150px.png 150w, https:\/\/gesundequartiere.de\/wp-content\/uploads\/2024\/02\/TK-Logo_klein_150px-100x100.png 100w, https:\/\/gesundequartiere.de\/wp-content\/uploads\/2024\/02\/TK-Logo_klein_150px-40x40.png 40w\" sizes=\"auto, (max-width: 100px) 100vw, 100px\" \/><\/a><\/td><td class=\"has-text-align-center\" data-align=\"center\"><a href=\"https:\/\/mobil-krankenkasse.de\/\" target=\"_blank\" rel=\"noreferrer noopener\"><img loading=\"lazy\" decoding=\"async\" width=\"150\" height=\"59\" class=\"wp-image-1211\" style=\"width: 150px;\" src=\"http:\/\/www.gesundequartiere.de\/wp-content\/uploads\/2024\/02\/MOB_Logo_farbig.RGB_150px.png\" alt=\"\"><\/a><\/td><td class=\"has-text-align-center\" data-align=\"center\"><\/td><\/tr><\/tbody><\/table><\/figure>\n\n\n\n<p><\/p>\n\n\n\n<p class=\"has-normal-font-size\"><strong>\u00dcbersicht<\/strong><\/p>\n\n\n\n<figure class=\"wp-block-table is-style-stripes\"><table><tbody><tr><td><a href=\"https:\/\/www.haw-hamburg.de\/hochschule\/beschaeftigte\/detail\/person\/person\/show\/susanne-busch\/\" target=\"_blank\" rel=\"noreferrer noopener\">Prof. Dr. Susanne Busch<\/a><br>(Projektleitung)<\/td><td>Hochschule f\u00fcr Angewandte Wissenschaften Hamburg<br>Competence Center Gesundheit (CCG)<br>Department Pflege und Management<\/td><\/tr><tr><td><a href=\"http:\/\/www.ismg.ovgu.de\/Unser+Institut\/Team\/Swart.html\" target=\"_blank\" rel=\"noreferrer noopener\">Prof. Dr. Enno Swart<\/a><br>(stv. Projektleitung)<\/td><td>Otto-von-Guericke-Universit\u00e4t Magdeburg<br>Institut f\u00fcr Sozialmedizin und Gesundheitssystemforschung (ISMG)<\/td><\/tr><tr><td><a href=\"http:\/\/www.ismg.ovgu.de\/Unser+Institut\/Team\/Kubat.html\" target=\"_blank\" rel=\"noreferrer noopener\">Denise Kubat<\/a><\/td><td>Otto-von-Guericke-Universit\u00e4t Magdeburg<br>Institut f\u00fcr Sozialmedizin und Gesundheitssystemforschung (ISMG)<\/td><\/tr><tr><td><a href=\"https:\/\/www.hcu-hamburg.de\/joerg-pohlan\" target=\"_blank\" rel=\"noreferrer noopener\">Prof. Dr. J\u00f6rg Pohlan<\/a><\/td><td>HafenCity Universit\u00e4t Hamburg<\/td><\/tr><tr><td><a href=\"https:\/\/www.hcu-hamburg.de\/joerg-pohlan\/team\">Dominic Behde<\/a><\/td><td>HafenCity Universit\u00e4t Hamburg<\/td><\/tr><tr><td><a href=\"https:\/\/www.haw-hamburg.de\/hochschule\/beschaeftigte\/detail\/person\/person\/show\/sabine-woehlke\/\" target=\"_blank\" rel=\"noreferrer noopener\">Prof. Dr. Sabine W\u00f6hlke<\/a><\/td><td>Hochschule f\u00fcr Angewandte Wissenschaften Hamburg<br>Department Gesundheitswissenschaften<\/td><\/tr><tr><td><a href=\"https:\/\/www.haw-hamburg.de\/hochschule\/beschaeftigte\/detail\/person\/person\/show\/linda-voeltzer\/\" target=\"_blank\" rel=\"noreferrer noopener\">Linda V\u00f6ltzer<\/a><\/td><td>Hochschule f\u00fcr Angewandte Wissenschaften Hamburg<br>Department Pflege und Management<\/td><\/tr><tr><td><a href=\"https:\/\/www.haw-hamburg.de\/hochschule\/beschaeftigte\/detail\/person\/person\/show\/natalie-kraemer\/\" target=\"_blank\" rel=\"noreferrer noopener\">Natalie Kr\u00e4mer<\/a><\/td><td>Hochschule f\u00fcr Angewandte Wissenschaften Hamburg<br>Department Gesundheitswissenschaften<\/td><\/tr><tr><td><a href=\"https:\/\/www.haw-hamburg.de\/hochschule\/beschaeftigte\/detail\/person\/person\/show\/lasse-nissen\/\" target=\"_blank\" rel=\"noreferrer noopener\">Lasse Jenner-Nissen<\/a><br>(Projektkoordination)<\/td><td>Hochschule f\u00fcr Angewandte Wissenschaften Hamburg<br>Department Pflege und Management<\/td><\/tr><tr><td><a href=\"https:\/\/www.haw-hamburg.de\/hochschule\/beschaeftigte\/detail\/person\/person\/show\/juliane-von-eitzen\/\" target=\"_blank\" rel=\"noreferrer noopener\">Juliane von Eitzen<\/a><\/td><td>Hochschule f\u00fcr Angewandte Wissenschaften Hamburg<br>Department Gesundheitswissenschaften<\/td><\/tr><tr><td><a href=\"https:\/\/www.haw-hamburg.de\/hochschule\/beschaeftigte\/detail\/person\/person\/show\/johann-popp\/\" target=\"_blank\" rel=\"noreferrer noopener\">Johann Popp<\/a><\/td><td>Hochschule f\u00fcr Angewandte Wissenschaften Hamburg<br>Department Gesundheitswissenschaften<\/td><\/tr><tr><td><a href=\"https:\/\/www.hag-gesundheit.de\/wir-ueber-uns\/team\" target=\"_blank\" rel=\"noreferrer noopener\">Petra Hofrichter<\/a><\/td><td>Hamburgische Arbeitsgemeinschaft f\u00fcr Gesundheitsf\u00f6rderung e.V.<\/td><\/tr><tr><td><a href=\"https:\/\/www.hag-gesundheit.de\/wir-ueber-uns\/team\">Carina Benthin<\/a><\/td><td>Hamburgische Arbeitsgemeinschaft f\u00fcr Gesundheitsf\u00f6rderung e.V.<\/td><\/tr><\/tbody><\/table><\/figure>\n\n\n\n<p><\/p>\n\n\n\n<p class=\"has-normal-font-size\"><strong>ehemalige Beteiligte <\/strong><\/p>\n\n\n\n<figure class=\"wp-block-table is-style-stripes\"><table><tbody><tr><td>Prof. Dr. Daniel Franz<\/td><td><\/td><\/tr><tr><td>David Gierszewski<\/td><td><\/td><\/tr><\/tbody><\/table><\/figure>\n","protected":false},"excerpt":{"rendered":"<p>Das Projekt wird von einem Verbund mehrerer Organisationen durchgef\u00fchrt. Prof. Dr. Susanne Busch (Competence Center Gesundheit &#8211; CCG an der HAW Hamburg) hat die Projektleitung inne. Prof. Dr. Enno Swart (Otto-von-Guericke-Universit\u00e4t Magdeburg) ist stellvertretende Projektleitung. \u00dcbersicht Prof. Dr. Susanne Busch(Projektleitung) <a class=\"more-link\" href=\"https:\/\/gesundequartiere.de\/index.php\/gesunde-quartiere-2-0\/beteiligte\/\">weiterlesen&#8230;<\/a><\/p>\n","protected":false},"author":4,"featured_media":0,"parent":1147,"menu_order":2,"comment_status":"closed","ping_status":"closed","template":"","meta":{"footnotes":""},"class_list":["post-1368","page","type-page","status-publish","hentry"],"_links":{"self":[{"href":"https:\/\/gesundequartiere.de\/index.php\/wp-json\/wp\/v2\/pages\/1368","targetHints":{"allow":["GET"]}}],"collection":[{"href":"https:\/\/gesundequartiere.de\/index.php\/wp-json\/wp\/v2\/pages"}],"about":[{"href":"https:\/\/gesundequartiere.de\/index.php\/wp-json\/wp\/v2\/types\/page"}],"author":[{"embeddable":true,"href":"https:\/\/gesundequartiere.de\/index.php\/wp-json\/wp\/v2\/users\/4"}],"replies":[{"embeddable":true,"href":"https:\/\/gesundequartiere.de\/index.php\/wp-json\/wp\/v2\/comments?post=1368"}],"version-history":[{"count":18,"href":"https:\/\/gesundequartiere.de\/index.php\/wp-json\/wp\/v2\/pages\/1368\/revisions"}],"predecessor-version":[{"id":1829,"href":"https:\/\/gesundequartiere.de\/index.php\/wp-json\/wp\/v2\/pages\/1368\/revisions\/1829"}],"up":[{"embeddable":true,"href":"https:\/\/gesundequartiere.de\/index.php\/wp-json\/wp\/v2\/pages\/1147"}],"wp:attachment":[{"href":"https:\/\/gesundequartiere.de\/index.php\/wp-json\/wp\/v2\/media?parent=1368"}],"curies":[{"name":"wp","href":"https:\/\/api.w.org\/{rel}","templated":true}]}}