{"id":1386,"date":"2024-08-01T14:05:29","date_gmt":"2024-08-01T12:05:29","guid":{"rendered":"https:\/\/www.gesundequartiere.de\/?page_id=1386"},"modified":"2025-04-24T11:28:37","modified_gmt":"2025-04-24T09:28:37","slug":"forschung","status":"publish","type":"page","link":"https:\/\/gesundequartiere.de\/index.php\/forschung\/","title":{"rendered":"Forschungsprozess"},"content":{"rendered":"\n<div style=\"height:30px\" aria-hidden=\"true\" class=\"wp-block-spacer\"><\/div>\n\n\n\n<p class=\"has-normal-font-size\"><strong>Das Forschungsprojekt &#8222;Gesunde Quartiere 2.0&#8220; wird in f\u00fcnf Schritten (&#8222;Forschungsmodulen&#8220;) durchgef\u00fchrt:<\/strong><\/p>\n\n\n\n<p class=\"has-normal-font-size\"><a href=\"https:\/\/www.gesundequartiere.de\/index.php\/sekundaerdatenanalyse\/\" data-type=\"page\" data-id=\"1399\">Modul 1: Sekund\u00e4rdatenanalyse<\/a><\/p>\n\n\n\n<p class=\"has-normal-font-size\"><a href=\"https:\/\/www.gesundequartiere.de\/index.php\/cm_fg\/\" data-type=\"page\" data-id=\"1404\">Modul 2: qualitative Datenerhebung &#8211; Community Mapping und Fokusgruppen<\/a><\/p>\n\n\n\n<p class=\"has-normal-font-size\"><a href=\"https:\/\/www.gesundequartiere.de\/index.php\/befragung\/\" data-type=\"page\" data-id=\"1917\">Modul 3: quantitative Datenerhebung &#8211; standardisierte Befragung mit Fragebogen<\/a><\/p>\n\n\n\n<p class=\"has-normal-font-size\"><a href=\"https:\/\/www.gesundequartiere.de\/index.php\/datenzusammenfuehrung-und-transfer\/\" data-type=\"page\" data-id=\"1567\">Modul 4 und 5: Datenzusammenf\u00fchrung und Transfer<\/a><\/p>\n\n\n\n<div style=\"height:40px\" aria-hidden=\"true\" class=\"wp-block-spacer\"><\/div>\n\n\n\n<figure class=\"wp-block-image size-large\"><img loading=\"lazy\" decoding=\"async\" width=\"1024\" height=\"528\" src=\"http:\/\/www.gesundequartiere.de\/wp-content\/uploads\/2024\/08\/GQ2_2024-08-01_Zeitplan-1024x528.png\" alt=\"\" class=\"wp-image-1387\" srcset=\"https:\/\/gesundequartiere.de\/wp-content\/uploads\/2024\/08\/GQ2_2024-08-01_Zeitplan-1024x528.png 1024w, https:\/\/gesundequartiere.de\/wp-content\/uploads\/2024\/08\/GQ2_2024-08-01_Zeitplan-300x155.png 300w, https:\/\/gesundequartiere.de\/wp-content\/uploads\/2024\/08\/GQ2_2024-08-01_Zeitplan-768x396.png 768w, https:\/\/gesundequartiere.de\/wp-content\/uploads\/2024\/08\/GQ2_2024-08-01_Zeitplan-1536x792.png 1536w, https:\/\/gesundequartiere.de\/wp-content\/uploads\/2024\/08\/GQ2_2024-08-01_Zeitplan.png 1793w\" sizes=\"auto, (max-width: 1024px) 100vw, 1024px\" \/><\/figure>\n","protected":false},"excerpt":{"rendered":"<p>Das Forschungsprojekt &#8222;Gesunde Quartiere 2.0&#8220; wird in f\u00fcnf Schritten (&#8222;Forschungsmodulen&#8220;) durchgef\u00fchrt: Modul 1: Sekund\u00e4rdatenanalyse Modul 2: qualitative Datenerhebung &#8211; Community Mapping und Fokusgruppen Modul 3: quantitative Datenerhebung &#8211; standardisierte Befragung mit Fragebogen Modul 4 und 5: Datenzusammenf\u00fchrung und Transfer<\/p>\n","protected":false},"author":4,"featured_media":0,"parent":0,"menu_order":0,"comment_status":"closed","ping_status":"closed","template":"","meta":{"footnotes":""},"class_list":["post-1386","page","type-page","status-publish","hentry"],"_links":{"self":[{"href":"https:\/\/gesundequartiere.de\/index.php\/wp-json\/wp\/v2\/pages\/1386","targetHints":{"allow":["GET"]}}],"collection":[{"href":"https:\/\/gesundequartiere.de\/index.php\/wp-json\/wp\/v2\/pages"}],"about":[{"href":"https:\/\/gesundequartiere.de\/index.php\/wp-json\/wp\/v2\/types\/page"}],"author":[{"embeddable":true,"href":"https:\/\/gesundequartiere.de\/index.php\/wp-json\/wp\/v2\/users\/4"}],"replies":[{"embeddable":true,"href":"https:\/\/gesundequartiere.de\/index.php\/wp-json\/wp\/v2\/comments?post=1386"}],"version-history":[{"count":11,"href":"https:\/\/gesundequartiere.de\/index.php\/wp-json\/wp\/v2\/pages\/1386\/revisions"}],"predecessor-version":[{"id":1984,"href":"https:\/\/gesundequartiere.de\/index.php\/wp-json\/wp\/v2\/pages\/1386\/revisions\/1984"}],"wp:attachment":[{"href":"https:\/\/gesundequartiere.de\/index.php\/wp-json\/wp\/v2\/media?parent=1386"}],"curies":[{"name":"wp","href":"https:\/\/api.w.org\/{rel}","templated":true}]}}