{"id":1399,"date":"2024-08-01T14:16:54","date_gmt":"2024-08-01T12:16:54","guid":{"rendered":"https:\/\/www.gesundequartiere.de\/?page_id=1399"},"modified":"2025-04-24T11:18:26","modified_gmt":"2025-04-24T09:18:26","slug":"sekundaerdatenanalyse","status":"publish","type":"page","link":"https:\/\/gesundequartiere.de\/index.php\/sekundaerdatenanalyse\/","title":{"rendered":"Sekund\u00e4rdatenanalyse"},"content":{"rendered":"\n<p><\/p>\n\n\n\n<p class=\"has-normal-font-size\">Der Begriff &#8222;Sekund\u00e4rdaten&#8220;, h\u00e4ufig auch &#8222;Routinedaten&#8220;, bezeichnet Daten, die nicht zum Zwecke der Forschung erhoben worden sind. Das Modul 1 \u201eSekund\u00e4rdatenanalyse\u201c nutzt pseudonymisierte Abrechnungsdaten der Jahre 2019 bis 2023 von in Hamburg lebenden Versicherten der vier beteiligten gesetzlichen Krankenkassen (AOK, DAK-Gesundheit, Mobil Krankenkasse, TK). Dies entspricht etwa 56 % der Hamburger Bev\u00f6lkerung. Ziel ist es, die Inanspruchnahme prim\u00e4r- und sekund\u00e4rpr\u00e4ventiver sowie gesundheitsf\u00f6rdernder Leistungen kleinr\u00e4umig darzustellen und Unterschiede in Abh\u00e4ngigkeit von der sozialen Lage der Versicherten zu analysieren.<\/p>\n\n\n\n<p class=\"has-normal-font-size\">Hierf\u00fcr werden Stammdaten sowie station\u00e4re, ambulante, zahn\u00e4rztliche, rehabilitative, satzungs- und pflegebezogene Leistungsdaten verwendet. Um die Daten kleinr\u00e4umig zu verorten und mit dem Sozialstatus zu verkn\u00fcpfen, werden die Stammdaten kassenseitig um Informationen zu Statistischen Gebieten und den zugeh\u00f6rigen Sozialstatusklassen erg\u00e4nzt. Die Verortung erfolgt mittels eines datenschutzkonformen Zuordnungsverfahrens, das von der HafenCity Universit\u00e4t (HCU) bereitgestellt wird. Nach der Verortung enthalten die Daten au\u00dfer den Informationen zu Wohnquartier und Sozialstatus keine weiteren Adressbez\u00fcge.<\/p>\n\n\n\n<p class=\"has-normal-font-size\">Konkret werden Leistungen aus den folgenden Themenbereichen untersucht: (1) Schwanger- und Mutterschaft, (2) Vorsorgeuntersuchungen f\u00fcr Kinder und Jugendliche, (3) Zahnvorsorge, (4) Impfungen, (5) Gesundheits-Check-ups, (6) Krebsfr\u00fcherkennungsuntersuchungen und (7) sonstige Leistungen f\u00fcr ausgew\u00e4hlte Bev\u00f6lkerungsgruppen.<\/p>\n\n\n\n<p class=\"has-normal-font-size\">Die Analyse erm\u00f6glicht detaillierte Einblicke in die regionale Inanspruchnahme von Gesundheitsleistungen und verdeutlicht bestehende Unterschiede nach sozialem Status. Die gewonnenen Erkenntnisse bieten eine fundierte Grundlage f\u00fcr die Entwicklung von Ma\u00dfnahmen zur F\u00f6rderung der gesundheitlichen Chancengleichheit in Hamburg.<\/p>\n\n\n\n<p class=\"has-normal-font-size\"><\/p>\n","protected":false},"excerpt":{"rendered":"<p>Der Begriff &#8222;Sekund\u00e4rdaten&#8220;, h\u00e4ufig auch &#8222;Routinedaten&#8220;, bezeichnet Daten, die nicht zum Zwecke der Forschung erhoben worden sind. Das Modul 1 \u201eSekund\u00e4rdatenanalyse\u201c nutzt pseudonymisierte Abrechnungsdaten der Jahre 2019 bis 2023 von in Hamburg lebenden Versicherten der vier beteiligten gesetzlichen Krankenkassen (AOK, <a class=\"more-link\" href=\"https:\/\/gesundequartiere.de\/index.php\/sekundaerdatenanalyse\/\">weiterlesen&#8230;<\/a><\/p>\n","protected":false},"author":4,"featured_media":0,"parent":0,"menu_order":0,"comment_status":"closed","ping_status":"closed","template":"","meta":{"footnotes":""},"class_list":["post-1399","page","type-page","status-publish","hentry"],"_links":{"self":[{"href":"https:\/\/gesundequartiere.de\/index.php\/wp-json\/wp\/v2\/pages\/1399","targetHints":{"allow":["GET"]}}],"collection":[{"href":"https:\/\/gesundequartiere.de\/index.php\/wp-json\/wp\/v2\/pages"}],"about":[{"href":"https:\/\/gesundequartiere.de\/index.php\/wp-json\/wp\/v2\/types\/page"}],"author":[{"embeddable":true,"href":"https:\/\/gesundequartiere.de\/index.php\/wp-json\/wp\/v2\/users\/4"}],"replies":[{"embeddable":true,"href":"https:\/\/gesundequartiere.de\/index.php\/wp-json\/wp\/v2\/comments?post=1399"}],"version-history":[{"count":11,"href":"https:\/\/gesundequartiere.de\/index.php\/wp-json\/wp\/v2\/pages\/1399\/revisions"}],"predecessor-version":[{"id":1976,"href":"https:\/\/gesundequartiere.de\/index.php\/wp-json\/wp\/v2\/pages\/1399\/revisions\/1976"}],"wp:attachment":[{"href":"https:\/\/gesundequartiere.de\/index.php\/wp-json\/wp\/v2\/media?parent=1399"}],"curies":[{"name":"wp","href":"https:\/\/api.w.org\/{rel}","templated":true}]}}