{"id":1404,"date":"2024-08-01T14:25:26","date_gmt":"2024-08-01T12:25:26","guid":{"rendered":"https:\/\/www.gesundequartiere.de\/?page_id=1404"},"modified":"2025-04-24T10:02:26","modified_gmt":"2025-04-24T08:02:26","slug":"cm_fg","status":"publish","type":"page","link":"https:\/\/gesundequartiere.de\/index.php\/cm_fg\/","title":{"rendered":"Community Mapping und Fokusgruppen"},"content":{"rendered":"\n<p class=\"has-small-font-size\"><\/p>\n\n\n\n<p class=\"has-normal-font-size\"><strong>Qualitativer und partizipativer Forschungsansatz<\/strong><\/p>\n\n\n\n<p class=\"has-normal-font-size\">Neben der Auswertung von Sekund\u00e4rdaten der Krankenkassen und der Befragung mittels (Online-) Fragebogen erfolgt ein partizipativ angelegter qualitativer Forschungsansatz in vier ausgew\u00e4hlten Quartieren (Hamm, Lohbr\u00fcgge, Gro\u00dflohe und Kirchdorf-S\u00fcd) mit sozial sehr niedrigem, niedrigem oder mittlerem Sozialindex.<\/p>\n\n\n\n<p class=\"has-normal-font-size\"><strong>Community Mapping<\/strong><\/p>\n\n\n\n<p class=\"has-normal-font-size\">In jedem der vier Quartiere wird ein sogenanntes Community Mapping mit Bewohner:innen der vier Wohngebiete durchgef\u00fchrt. Community Mapping bezeichnet ein gruppenbasiertes Verfahren, bei dem Mitglieder einer lebensweltlichen Gemeinschaft (engl.&nbsp;<em>community<\/em>) bestimmte Aspekte ihrer Gemeinschaft in Form einer Zeichnung oder Karte (engl.&nbsp;<em>map<\/em>) visualisieren, um in einem partizipativen Prozess Ressourcen, Probleme und L\u00f6sungsans\u00e4tze f\u00fcr die St\u00e4rkung der Community und die Verbesserung ihrer Situation zu identifizieren.<\/p>\n\n\n\n<p class=\"has-normal-font-size\"><strong>Fokusgruppen<\/strong><\/p>\n\n\n\n<p class=\"has-normal-font-size\">Den zweiten Teil der qualitativen Datenerhebung stellen die Fokusgruppen dar, die auf den Ergebnissen des Community Mappings aufbauen und auf Basis eines Gespr\u00e4chsleitfadens stattfinden. Hierzu werden aus den vier Quartieren jeweils Akteure eingeladen, denen aktuelle Entwicklungen in dem Quartier bekannt sind und die im Rahmen ihrer Arbeit im engen Austausch mit den Bewohner:innen stehen.<\/p>\n\n\n\n<p class=\"has-normal-font-size\"><strong>Vorgehen<\/strong><\/p>\n\n\n\n<p class=\"has-normal-font-size\">F\u00fcr die Durchf\u00fchrung des Community Mappings wurden Bewohner:innen zu einem B\u00fcrgertreffen eingeladen, um sich an der Diskussion \u00fcber Gesundheit im Quartier und der Erstellung einer Karte zu beteiligen. Die Rekrutierung von Teilnehmenden erfolgte \u00fcber Aush\u00e4nge in Gesch\u00e4ften und Hauseinh\u00e4ngen innerhalb des Quartiers sowie \u00fcber pers\u00f6nliche Ansprache und Mulitplikator:innen in Einrichtungen vor Ort.<\/p>\n\n\n\n<p class=\"has-normal-font-size\">Im Zeitraum vom Januar 2024 bis Februar 2025 wurde in den vier Quartieren jeweils ein Community Mapping durchf\u00fchrt. Es haben jeweils zwischen 7 und 17 Personen teilgenommen, die durch eine\/n Moderator:in aus dem Forschungsteam und eine\/n Co-Moderator:in durch den Prozess der Kartenerstellung geleitet wurden. Die\/der Co-Moderator:in ist eine Person, die in dem jeweiligen Gebiet beruflich eng verortet und gut vernetzt ist.<\/p>\n\n\n\n<p class=\"has-normal-font-size\">In den 90-min\u00fctigen Veranstaltungen haben die Teilnehmenden des entsprechenden Quartiers eine Karte mit den M\u00f6glichkeiten, die den Menschen helfen, dort gesund leben zu k\u00f6nnen, und mit den Rahmenbedingungen, die sich negativ auf ihre Gesundheit auswirken k\u00f6nnen, erstellt. Die Themen wurden dabei situativ besprochen, wobei die Gruppe durch Fragestellungen zum Thema Gesundheit durch den Prozess gef\u00fchrt wurde.<\/p>\n\n\n\n<figure class=\"wp-block-image size-full\"><img loading=\"lazy\" decoding=\"async\" width=\"828\" height=\"354\" src=\"http:\/\/www.gesundequartiere.de\/wp-content\/uploads\/2025\/03\/grafik-2.png\" alt=\"\" class=\"wp-image-1650\" srcset=\"https:\/\/gesundequartiere.de\/wp-content\/uploads\/2025\/03\/grafik-2.png 828w, https:\/\/gesundequartiere.de\/wp-content\/uploads\/2025\/03\/grafik-2-300x128.png 300w, https:\/\/gesundequartiere.de\/wp-content\/uploads\/2025\/03\/grafik-2-768x328.png 768w\" sizes=\"auto, (max-width: 828px) 100vw, 828px\" \/><\/figure>\n\n\n\n<p class=\"has-normal-font-size\">Im Anschluss an die Durchf\u00fchrung des Community Mappings mit Bewohner:innen des Quartiers haben die Fokusgruppen mit ca. 6 Akteuren stattgefunden. Durch die Teilnehmenden der Fokusgruppe wurden vertiefende Einblicke in die gesundheitsbezogenen Themen des Quartiers erm\u00f6glicht.<\/p>\n\n\n\n<hr class=\"wp-block-separator has-alpha-channel-opacity\"\/>\n\n\n\n<figure class=\"wp-block-gallery has-nested-images columns-2 is-cropped wp-block-gallery-1 is-layout-flex wp-block-gallery-is-layout-flex\">\n<figure class=\"wp-block-image size-large\"><img loading=\"lazy\" decoding=\"async\" width=\"1024\" height=\"630\" data-id=\"1935\" src=\"https:\/\/www.gesundequartiere.de\/wp-content\/uploads\/2025\/04\/DSC_0022-1024x630.jpg\" alt=\"\" class=\"wp-image-1935\" srcset=\"https:\/\/gesundequartiere.de\/wp-content\/uploads\/2025\/04\/DSC_0022-1024x630.jpg 1024w, https:\/\/gesundequartiere.de\/wp-content\/uploads\/2025\/04\/DSC_0022-300x185.jpg 300w, https:\/\/gesundequartiere.de\/wp-content\/uploads\/2025\/04\/DSC_0022-768x472.jpg 768w, https:\/\/gesundequartiere.de\/wp-content\/uploads\/2025\/04\/DSC_0022-1536x945.jpg 1536w, https:\/\/gesundequartiere.de\/wp-content\/uploads\/2025\/04\/DSC_0022-2048x1260.jpg 2048w\" sizes=\"auto, (max-width: 1024px) 100vw, 1024px\" \/><\/figure>\n\n\n\n<figure class=\"wp-block-image size-large\"><img loading=\"lazy\" decoding=\"async\" width=\"1024\" height=\"683\" data-id=\"1934\" src=\"https:\/\/www.gesundequartiere.de\/wp-content\/uploads\/2025\/04\/P1040401-1024x683.jpg\" alt=\"\" class=\"wp-image-1934\" srcset=\"https:\/\/gesundequartiere.de\/wp-content\/uploads\/2025\/04\/P1040401-1024x683.jpg 1024w, https:\/\/gesundequartiere.de\/wp-content\/uploads\/2025\/04\/P1040401-300x200.jpg 300w, https:\/\/gesundequartiere.de\/wp-content\/uploads\/2025\/04\/P1040401-768x512.jpg 768w, https:\/\/gesundequartiere.de\/wp-content\/uploads\/2025\/04\/P1040401-1536x1024.jpg 1536w, https:\/\/gesundequartiere.de\/wp-content\/uploads\/2025\/04\/P1040401-2048x1365.jpg 2048w\" sizes=\"auto, (max-width: 1024px) 100vw, 1024px\" \/><\/figure>\n\n\n\n<figure class=\"wp-block-image size-large\"><img loading=\"lazy\" decoding=\"async\" width=\"683\" height=\"1024\" data-id=\"1938\" src=\"https:\/\/www.gesundequartiere.de\/wp-content\/uploads\/2025\/04\/P1040398-683x1024.jpg\" alt=\"\" class=\"wp-image-1938\" srcset=\"https:\/\/gesundequartiere.de\/wp-content\/uploads\/2025\/04\/P1040398-683x1024.jpg 683w, https:\/\/gesundequartiere.de\/wp-content\/uploads\/2025\/04\/P1040398-200x300.jpg 200w, https:\/\/gesundequartiere.de\/wp-content\/uploads\/2025\/04\/P1040398-768x1152.jpg 768w, https:\/\/gesundequartiere.de\/wp-content\/uploads\/2025\/04\/P1040398-1024x1536.jpg 1024w, https:\/\/gesundequartiere.de\/wp-content\/uploads\/2025\/04\/P1040398-1365x2048.jpg 1365w, https:\/\/gesundequartiere.de\/wp-content\/uploads\/2025\/04\/P1040398.jpg 1459w\" sizes=\"auto, (max-width: 683px) 100vw, 683px\" \/><\/figure>\n\n\n\n<figure class=\"wp-block-image size-large\"><img loading=\"lazy\" decoding=\"async\" width=\"835\" height=\"1024\" data-id=\"1933\" src=\"https:\/\/www.gesundequartiere.de\/wp-content\/uploads\/2025\/04\/Map_Lohbruegge-835x1024.jpg\" alt=\"\" class=\"wp-image-1933\" srcset=\"https:\/\/gesundequartiere.de\/wp-content\/uploads\/2025\/04\/Map_Lohbruegge-835x1024.jpg 835w, https:\/\/gesundequartiere.de\/wp-content\/uploads\/2025\/04\/Map_Lohbruegge-245x300.jpg 245w, https:\/\/gesundequartiere.de\/wp-content\/uploads\/2025\/04\/Map_Lohbruegge-768x942.jpg 768w, https:\/\/gesundequartiere.de\/wp-content\/uploads\/2025\/04\/Map_Lohbruegge-1252x1536.jpg 1252w, https:\/\/gesundequartiere.de\/wp-content\/uploads\/2025\/04\/Map_Lohbruegge.jpg 1469w\" sizes=\"auto, (max-width: 835px) 100vw, 835px\" \/><\/figure>\n\n\n\n<figure class=\"wp-block-image size-large\"><img loading=\"lazy\" decoding=\"async\" width=\"1024\" height=\"683\" data-id=\"1937\" src=\"https:\/\/www.gesundequartiere.de\/wp-content\/uploads\/2025\/04\/P1040404-1024x683.jpg\" alt=\"\" class=\"wp-image-1937\" srcset=\"https:\/\/gesundequartiere.de\/wp-content\/uploads\/2025\/04\/P1040404-1024x683.jpg 1024w, https:\/\/gesundequartiere.de\/wp-content\/uploads\/2025\/04\/P1040404-300x200.jpg 300w, https:\/\/gesundequartiere.de\/wp-content\/uploads\/2025\/04\/P1040404-768x512.jpg 768w, https:\/\/gesundequartiere.de\/wp-content\/uploads\/2025\/04\/P1040404-1536x1024.jpg 1536w, https:\/\/gesundequartiere.de\/wp-content\/uploads\/2025\/04\/P1040404-2048x1366.jpg 2048w\" sizes=\"auto, (max-width: 1024px) 100vw, 1024px\" \/><\/figure>\n\n\n\n<figure class=\"wp-block-image size-large\"><img loading=\"lazy\" decoding=\"async\" width=\"1024\" height=\"802\" data-id=\"1936\" src=\"https:\/\/www.gesundequartiere.de\/wp-content\/uploads\/2025\/04\/DSC_0018-1024x802.jpg\" alt=\"\" class=\"wp-image-1936\" srcset=\"https:\/\/gesundequartiere.de\/wp-content\/uploads\/2025\/04\/DSC_0018-1024x802.jpg 1024w, https:\/\/gesundequartiere.de\/wp-content\/uploads\/2025\/04\/DSC_0018-300x235.jpg 300w, https:\/\/gesundequartiere.de\/wp-content\/uploads\/2025\/04\/DSC_0018-768x601.jpg 768w, https:\/\/gesundequartiere.de\/wp-content\/uploads\/2025\/04\/DSC_0018-1536x1203.jpg 1536w, https:\/\/gesundequartiere.de\/wp-content\/uploads\/2025\/04\/DSC_0018.jpg 1964w\" sizes=\"auto, (max-width: 1024px) 100vw, 1024px\" \/><\/figure>\n<\/figure>\n\n\n\n<p class=\"has-text-align-center has-small-font-size\">Eindr\u00fccke von den Community Mappings<\/p>\n\n\n\n<p class=\"has-blue-color has-text-color has-link-color has-normal-font-size wp-elements-382633255dc51ac84b8766cfca1de823\"><em>,,Es ist wichtig zu realisieren, was dein Bezirk bietet, aber auch wo es verbessert werden kann. Das Treffen verl\u00e4sst man mit einem Gef\u00fchl der Dankbarkeit und Hoffnung f\u00fcr Verbesserungen.\u201d<\/em> (S. N. &#8211; Teilnehmende des Community Mappings Lohbr\u00fcgge)<\/p>\n\n\n\n<hr class=\"wp-block-separator has-alpha-channel-opacity\"\/>\n\n\n\n<figure class=\"wp-block-image size-large\"><img loading=\"lazy\" decoding=\"async\" width=\"1024\" height=\"768\" src=\"http:\/\/www.gesundequartiere.de\/wp-content\/uploads\/2025\/04\/IMG_7958-1024x768.jpeg\" alt=\"\" class=\"wp-image-1932\" srcset=\"https:\/\/gesundequartiere.de\/wp-content\/uploads\/2025\/04\/IMG_7958-1024x768.jpeg 1024w, https:\/\/gesundequartiere.de\/wp-content\/uploads\/2025\/04\/IMG_7958-300x225.jpeg 300w, https:\/\/gesundequartiere.de\/wp-content\/uploads\/2025\/04\/IMG_7958-768x576.jpeg 768w, https:\/\/gesundequartiere.de\/wp-content\/uploads\/2025\/04\/IMG_7958-1536x1152.jpeg 1536w, https:\/\/gesundequartiere.de\/wp-content\/uploads\/2025\/04\/IMG_7958.jpeg 2016w\" sizes=\"auto, (max-width: 1024px) 100vw, 1024px\" \/><\/figure>\n\n\n\n<p class=\"has-text-align-center has-small-font-size\">Fokusgruppe Lohbr\u00fcgge<\/p>\n","protected":false},"excerpt":{"rendered":"<p>Qualitativer und partizipativer Forschungsansatz Neben der Auswertung von Sekund\u00e4rdaten der Krankenkassen und der Befragung mittels (Online-) Fragebogen erfolgt ein partizipativ angelegter qualitativer Forschungsansatz in vier ausgew\u00e4hlten Quartieren (Hamm, Lohbr\u00fcgge, Gro\u00dflohe und Kirchdorf-S\u00fcd) mit sozial sehr niedrigem, niedrigem oder mittlerem Sozialindex. <a class=\"more-link\" href=\"https:\/\/gesundequartiere.de\/index.php\/cm_fg\/\">weiterlesen&#8230;<\/a><\/p>\n","protected":false},"author":4,"featured_media":0,"parent":0,"menu_order":0,"comment_status":"closed","ping_status":"closed","template":"","meta":{"footnotes":""},"class_list":["post-1404","page","type-page","status-publish","hentry"],"_links":{"self":[{"href":"https:\/\/gesundequartiere.de\/index.php\/wp-json\/wp\/v2\/pages\/1404","targetHints":{"allow":["GET"]}}],"collection":[{"href":"https:\/\/gesundequartiere.de\/index.php\/wp-json\/wp\/v2\/pages"}],"about":[{"href":"https:\/\/gesundequartiere.de\/index.php\/wp-json\/wp\/v2\/types\/page"}],"author":[{"embeddable":true,"href":"https:\/\/gesundequartiere.de\/index.php\/wp-json\/wp\/v2\/users\/4"}],"replies":[{"embeddable":true,"href":"https:\/\/gesundequartiere.de\/index.php\/wp-json\/wp\/v2\/comments?post=1404"}],"version-history":[{"count":14,"href":"https:\/\/gesundequartiere.de\/index.php\/wp-json\/wp\/v2\/pages\/1404\/revisions"}],"predecessor-version":[{"id":1956,"href":"https:\/\/gesundequartiere.de\/index.php\/wp-json\/wp\/v2\/pages\/1404\/revisions\/1956"}],"wp:attachment":[{"href":"https:\/\/gesundequartiere.de\/index.php\/wp-json\/wp\/v2\/media?parent=1404"}],"curies":[{"name":"wp","href":"https:\/\/api.w.org\/{rel}","templated":true}]}}