{"id":1535,"date":"2025-02-17T21:07:59","date_gmt":"2025-02-17T20:07:59","guid":{"rendered":"http:\/\/www.gesundequartiere.de\/?page_id=1535"},"modified":"2025-12-18T12:42:43","modified_gmt":"2025-12-18T11:42:43","slug":"veroeffentlichungen","status":"publish","type":"page","link":"https:\/\/gesundequartiere.de\/index.php\/veroeffentlichungen\/","title":{"rendered":"Ver\u00f6ffentlichungen"},"content":{"rendered":"\n<p><\/p>\n\n\n\n<p class=\"has-normal-font-size\"><strong>Vortr\u00e4ge<\/strong><\/p>\n\n\n\n<ul class=\"wp-block-list\">\n<li class=\"has-normal-font-size\">Busch, S.: <strong>&#8222;Gesunde Quartiere 2.0&#8220; &#8211; Gesundheitsf\u00f6rderung und Pr\u00e4vention im Quartier &#8211; Ein multimodaler Ansatz zur bedarfsgerechten Ausgestaltung<\/strong> Community Health Konferenz<br>Bochum, 22.11.2024. <a href=\"https:\/\/opus4.kobv.de\/opus4-repositorium-bochum\/frontdoor\/index\/index\/searchtype\/all\/docId\/59\/start\/0\/rows\/10\">https:\/\/opus4.kobv.de\/opus4-repositorium-bochum\/frontdoor\/index\/index\/searchtype\/all\/docId\/59\/start\/0\/rows\/10<\/a><\/li>\n\n\n\n<li class=\"has-normal-font-size\">Kubat, D. &amp; Swart, E.: <strong>Kleinr\u00e4umige Analysen der Inanspruchnahme pr\u00e4ventiver Leistungen \u2013 Welche Rolle spielt der Sozialstatus des Quartiers?<\/strong> Hamburger Symposium Versorgungsforschung und Public Health: 8. HAM-NET Symposium, 06.12.2024<\/li>\n\n\n\n<li class=\"has-normal-font-size\">Busch, S.: <strong>Gesundheitsf\u00f6rderung und Pr\u00e4vention im Setting Quartier<\/strong> CCG Ringvorlesung Sommersemester 2025, 28.05.2025 <a href=\"https:\/\/www.haw-hamburg.de\/ccg\/veranstaltungen\/ringvorlesung\/\">https:\/\/www.haw-hamburg.de\/ccg\/veranstaltungen\/ringvorlesung\/<\/a><\/li>\n<\/ul>\n\n\n\n<hr class=\"wp-block-separator has-alpha-channel-opacity\"\/>\n\n\n\n<p class=\"has-normal-font-size\"><strong>Artikel<\/strong><\/p>\n\n\n\n<ul class=\"wp-block-list\">\n<li class=\"has-normal-font-size\">Kubat, D., Meinert, N., Busch, S., &amp; Swart, E. (2025). <strong>Kleinr\u00e4umige und soziallagendifferenzierte Betrachtungen der Inanspruchnahme von Fr\u00fcherkennungsuntersuchungen in der Stadt Hamburg \u2013 eine Sekund\u00e4rdatenanalyse.<\/strong> Zeitschrift f\u00fcr Evidenz, Fortbildung und Qualit\u00e4t im Gesundheitswesen, S1865921724002769. <a href=\"https:\/\/doi.org\/10.1016\/j.zefq.2024.12.001\">https:\/\/doi.org\/10.1016\/j.zefq.2024.12.001<\/a><\/li>\n<\/ul>\n\n\n\n<ul class=\"wp-block-list\">\n<li class=\"has-normal-font-size\">Kubat, D., Epping, J., Stallmann, C., March, S., &amp; Swart, E. (2025). <strong>Determinanten der Inanspruchnahme des Gesundheits-Check-ups von \u00e4lteren Erwachsenen in Sachsen-Anhalt: Welchen Einfluss hat der Zugang zur Gesundheitsversorgung auf die Inanspruchnahme? <\/strong>Das Gesundheitswesen, a-2446-6583. <a href=\"https:\/\/doi.org\/10.1055\/a-2446-6583\">https:\/\/doi.org\/10.1055\/a-2446-6583<\/a><\/li>\n<\/ul>\n\n\n\n<hr class=\"wp-block-separator has-alpha-channel-opacity\"\/>\n\n\n\n<p class=\"has-normal-font-size\"><strong>Abstracts<\/strong><\/p>\n\n\n\n<ul class=\"wp-block-list\">\n<li class=\"has-normal-font-size\">Kr\u00e4mer, N., Jenner-Nissen, L., &nbsp;Franz, D., W\u00f6hlke, S. &amp; Busch, S. (2024). <strong>Gesunde Quartiere 2.0: Methodische Herausforderungen.<\/strong> In: CCG Forschungstag 2024: Tagungsband. Hochschule f\u00fcr Angewandte Wissenschaften Hamburg. <a href=\"https:\/\/doi.org\/10.48441\/4427.2035\">https:\/\/doi.org\/10.48441\/4427.2035<\/a><\/li>\n<\/ul>\n\n\n\n<p><\/p>\n\n\n\n<ul class=\"wp-block-list\">\n<li class=\"has-normal-font-size\">Busch, S., Hofrichter, P., Pohlan, J., Swart, E., W\u00f6hlke, S. &amp; Jenner-Nissen, L. (2024). <strong>Session \u201eStadtgesundheit\u201c: Gesundheitsf\u00f6rderung und Pr\u00e4vention im Quartier &#8211; Ein multimodaler Ansatz zur bedarfsgerechten Ausgestaltung<\/strong>. In: <br>7. Community Health Konferenz (2024): Abstractband. Hochschule Gesundheit Bochum <a href=\"https:\/\/doi.org\/10.71859\/opus4-59\">https:\/\/doi.org\/10.71859\/opus4-59<\/a><\/li>\n<\/ul>\n\n\n\n<hr class=\"wp-block-separator has-alpha-channel-opacity\"\/>\n\n\n\n<p class=\"has-normal-font-size\"><strong>Poster<\/strong><\/p>\n\n\n\n<ul class=\"wp-block-list\">\n<li class=\"has-normal-font-size\">Busch, S., W\u00f6hlke, S., Jenner-Nissen, L., V\u00f6ltzer, L., Kr\u00e4mer, N., Popp, J., Swart, E., Kubat, D., Pohlan, J., Behde, D., Hofrichter, P., Benthin, C. (2024). <strong>Gesunde Quartiere 2.0 \u2013 Ein multimodales, kleinr\u00e4umig soziallagenorientiertes Innovationsfondsprojekt zur Gesundheitsf\u00f6rderung<\/strong> Hamburger Symposium Versorgungsforschung und Public Health: 8. HAM-NET Symposium <a href=\"http:\/\/www.gesundequartiere.de\/wp-content\/uploads\/2025\/03\/GQ2_Poster_Gesamtvorhaben_HamNetSymposium_2024_12_06.pdf\" data-type=\"attachment\" data-id=\"1691\">GQ2_Poster_Gesamtvorhaben_HamNetSymposium_2024_12_06<\/a><\/li>\n<\/ul>\n\n\n\n<p><\/p>\n\n\n\n<ul class=\"wp-block-list\">\n<li class=\"has-normal-font-size\">Busch, S., W\u00f6hlke, S., Kr\u00e4mer, N., V\u00f6ltzer, L., Franz, D., Jenner-Nissen, L. (2024). <strong>Zielgruppengerechte Gesundheitsforschung am Beispiel des Community Mappings im Projekt \u201eGesunde Quartiere 2.0.<\/strong> Hamburger Symposium Versorgungsforschung und Public Health: 8. HAM-NET Symposium <a href=\"http:\/\/www.gesundequartiere.de\/wp-content\/uploads\/2025\/03\/GQ2_Poster_M2_HamNetSymposium_2024_12_06.pdf\" data-type=\"attachment\" data-id=\"1692\">GQ2_Poster_M2_HamNetSymposium_2024_12_06<\/a><br>&nbsp;<br>&nbsp;<\/li>\n<\/ul>\n\n\n\n<p><\/p>\n\n\n\n<p><\/p>\n\n\n\n<p><\/p>\n","protected":false},"excerpt":{"rendered":"<p>Vortr\u00e4ge Artikel Abstracts Poster<\/p>\n","protected":false},"author":4,"featured_media":0,"parent":0,"menu_order":0,"comment_status":"closed","ping_status":"closed","template":"","meta":{"footnotes":""},"class_list":["post-1535","page","type-page","status-publish","hentry"],"_links":{"self":[{"href":"https:\/\/gesundequartiere.de\/index.php\/wp-json\/wp\/v2\/pages\/1535","targetHints":{"allow":["GET"]}}],"collection":[{"href":"https:\/\/gesundequartiere.de\/index.php\/wp-json\/wp\/v2\/pages"}],"about":[{"href":"https:\/\/gesundequartiere.de\/index.php\/wp-json\/wp\/v2\/types\/page"}],"author":[{"embeddable":true,"href":"https:\/\/gesundequartiere.de\/index.php\/wp-json\/wp\/v2\/users\/4"}],"replies":[{"embeddable":true,"href":"https:\/\/gesundequartiere.de\/index.php\/wp-json\/wp\/v2\/comments?post=1535"}],"version-history":[{"count":21,"href":"https:\/\/gesundequartiere.de\/index.php\/wp-json\/wp\/v2\/pages\/1535\/revisions"}],"predecessor-version":[{"id":2014,"href":"https:\/\/gesundequartiere.de\/index.php\/wp-json\/wp\/v2\/pages\/1535\/revisions\/2014"}],"wp:attachment":[{"href":"https:\/\/gesundequartiere.de\/index.php\/wp-json\/wp\/v2\/media?parent=1535"}],"curies":[{"name":"wp","href":"https:\/\/api.w.org\/{rel}","templated":true}]}}