{"id":1537,"date":"2025-02-17T21:08:56","date_gmt":"2025-02-17T20:08:56","guid":{"rendered":"http:\/\/www.gesundequartiere.de\/?page_id=1537"},"modified":"2025-04-10T12:34:05","modified_gmt":"2025-04-10T10:34:05","slug":"quartiere","status":"publish","type":"page","link":"https:\/\/gesundequartiere.de\/index.php\/quartiere\/","title":{"rendered":"Quartiere"},"content":{"rendered":"\n<p class=\"has-normal-font-size\"><\/p>\n\n\n\n<p class=\"has-normal-font-size\">Die Auswahl der Untersuchungsquartiere erfolgte auf Grundlage des <strong>Hamburger Sozialmonitorings<\/strong>. Das Sozialmonitoring wird seit 2010 j\u00e4hrlich durchgef\u00fchrt, um kleinr\u00e4umige Entwicklungen zu beobachten und zu bewerten. Dazu wurde Hamburg in 941 statistische Gebiete unterteilt, in denen (ab einer Einwohnerzahl von 300) Daten erhoben werden. F\u00fcr das Berichtsjahr 2024 waren es 857 statistische Gebiete.<\/p>\n\n\n\n<p class=\"has-normal-font-size\">Die Datengrundlage bilden sieben sogenannte Aufmerksamkeitsindikatoren: <strong>Kinder und Jugendliche mit Migrationshintergrund, Kinder von Alleinerziehenden, Leistungsempf\u00e4nger*innen nach SGB II und AsylbLG, Arbeitslose, Kinder in Mindestsicherung, Mindestsicherung im Alter nach SGB XII und Schulabschl\u00fcsse<\/strong>. Diese sozialen Indikatoren werden mithilfe eines Indexverfahrens zu einem Statusindex und einem Dynamikindex zusammengefasst. Der <strong>Statusindex<\/strong> gibt die gegenw\u00e4rtige soziale Situation in den statistischen Gebieten wieder und gliedert sich in <strong>hoch, mittel, niedrig und sehr niedrig<\/strong>. Der <strong>Dynamikindex <\/strong>verfolgt Entwicklungen \u00fcber einen Zeitraum von drei Jahren und teilt diese in <strong>positiv, stabil und negativ<\/strong> ein. Beide Indizes werden zu einem <strong>Gesamtindex<\/strong> kombiniert, der anzeigt, inwieweit die Werte eines Gebiets vom Hamburger Durchschnitt abweichen.<\/p>\n\n\n\n<p class=\"has-normal-font-size\">Der Gesamtindex zeigt die r\u00e4umliche Verteilung sozialer Ungleichheit in Hamburg.<\/p>\n\n\n\n<p class=\"has-normal-font-size\">F\u00fcr das Projekt \u201eGesunde Quartiere 2.0\u201c wurden 4 statistische Gebiete\/Quartiere ausgew\u00e4hlt. F\u00fcr weitere Informationen klicken Sie unten auf den Namen des Quartiers.<\/p>\n\n\n\n<figure class=\"wp-block-image\"><img loading=\"lazy\" decoding=\"async\" width=\"1107\" height=\"816\" src=\"http:\/\/www.gesundequartiere.de\/wp-content\/uploads\/2025\/03\/Sozialmonitoring_Karte_2024.png\" alt=\"\" class=\"wp-image-1614\" srcset=\"https:\/\/gesundequartiere.de\/wp-content\/uploads\/2025\/03\/Sozialmonitoring_Karte_2024.png 1107w, https:\/\/gesundequartiere.de\/wp-content\/uploads\/2025\/03\/Sozialmonitoring_Karte_2024-300x221.png 300w, https:\/\/gesundequartiere.de\/wp-content\/uploads\/2025\/03\/Sozialmonitoring_Karte_2024-1024x755.png 1024w, https:\/\/gesundequartiere.de\/wp-content\/uploads\/2025\/03\/Sozialmonitoring_Karte_2024-768x566.png 768w\" sizes=\"auto, (max-width: 1107px) 100vw, 1107px\" \/><\/figure>\n\n\n\n<p class=\"has-normal-font-size\"><a href=\"http:\/\/www.gesundequartiere.de\/index.php\/grosslohe-statistisches-gebiet-nr-74024\/\" data-type=\"page\" data-id=\"1569\">Gro\u00dflohe (statistisches Gebiet Nr. 74024)<\/a><\/p>\n\n\n\n<p class=\"has-normal-font-size\"><a href=\"http:\/\/www.gesundequartiere.de\/index.php\/hamm-statistisches-gebiet-nr-09005\/\" data-type=\"page\" data-id=\"1548\">Hamm (statistisches Gebiet Nr. 09005)<\/a><\/p>\n\n\n\n<p class=\"has-normal-font-size\"><a href=\"http:\/\/www.gesundequartiere.de\/index.php\/kirchdorf-sued-statistisches-gebiet-nr-16023\/\" data-type=\"page\" data-id=\"1573\">Kirchdorf-S\u00fcd (statistisches Gebiet Nr. 16023)<\/a><\/p>\n\n\n\n<p class=\"has-normal-font-size\"><a href=\"http:\/\/www.gesundequartiere.de\/index.php\/lohbruegge-statistisches-gebiet-nr-75019\/\" data-type=\"page\" data-id=\"1575\">Lohbr\u00fcgge (statistisches Gebiet Nr. 75019)<\/a><\/p>\n","protected":false},"excerpt":{"rendered":"<p>Die Auswahl der Untersuchungsquartiere erfolgte auf Grundlage des Hamburger Sozialmonitorings. Das Sozialmonitoring wird seit 2010 j\u00e4hrlich durchgef\u00fchrt, um kleinr\u00e4umige Entwicklungen zu beobachten und zu bewerten. Dazu wurde Hamburg in 941 statistische Gebiete unterteilt, in denen (ab einer Einwohnerzahl von 300) <a class=\"more-link\" href=\"https:\/\/gesundequartiere.de\/index.php\/quartiere\/\">weiterlesen&#8230;<\/a><\/p>\n","protected":false},"author":4,"featured_media":0,"parent":0,"menu_order":0,"comment_status":"closed","ping_status":"closed","template":"","meta":{"footnotes":""},"class_list":["post-1537","page","type-page","status-publish","hentry"],"_links":{"self":[{"href":"https:\/\/gesundequartiere.de\/index.php\/wp-json\/wp\/v2\/pages\/1537","targetHints":{"allow":["GET"]}}],"collection":[{"href":"https:\/\/gesundequartiere.de\/index.php\/wp-json\/wp\/v2\/pages"}],"about":[{"href":"https:\/\/gesundequartiere.de\/index.php\/wp-json\/wp\/v2\/types\/page"}],"author":[{"embeddable":true,"href":"https:\/\/gesundequartiere.de\/index.php\/wp-json\/wp\/v2\/users\/4"}],"replies":[{"embeddable":true,"href":"https:\/\/gesundequartiere.de\/index.php\/wp-json\/wp\/v2\/comments?post=1537"}],"version-history":[{"count":11,"href":"https:\/\/gesundequartiere.de\/index.php\/wp-json\/wp\/v2\/pages\/1537\/revisions"}],"predecessor-version":[{"id":1699,"href":"https:\/\/gesundequartiere.de\/index.php\/wp-json\/wp\/v2\/pages\/1537\/revisions\/1699"}],"wp:attachment":[{"href":"https:\/\/gesundequartiere.de\/index.php\/wp-json\/wp\/v2\/media?parent=1537"}],"curies":[{"name":"wp","href":"https:\/\/api.w.org\/{rel}","templated":true}]}}