{"id":1573,"date":"2025-02-20T23:07:14","date_gmt":"2025-02-20T22:07:14","guid":{"rendered":"http:\/\/www.gesundequartiere.de\/?page_id=1573"},"modified":"2025-04-24T11:49:59","modified_gmt":"2025-04-24T09:49:59","slug":"kirchdorf-sued-statistisches-gebiet-nr-16023","status":"publish","type":"page","link":"https:\/\/gesundequartiere.de\/index.php\/kirchdorf-sued-statistisches-gebiet-nr-16023\/","title":{"rendered":"Kirchdorf-S\u00fcd"},"content":{"rendered":"\n<p><\/p>\n\n\n\n<figure class=\"wp-block-image\"><img loading=\"lazy\" decoding=\"async\" width=\"2163\" height=\"1528\" src=\"http:\/\/www.gesundequartiere.de\/wp-content\/uploads\/2025\/03\/Kirchdorf-Sued-statistisches-Quartier.jpeg\" alt=\"\" class=\"wp-image-1603\" srcset=\"https:\/\/gesundequartiere.de\/wp-content\/uploads\/2025\/03\/Kirchdorf-Sued-statistisches-Quartier.jpeg 2163w, https:\/\/gesundequartiere.de\/wp-content\/uploads\/2025\/03\/Kirchdorf-Sued-statistisches-Quartier-300x212.jpeg 300w, https:\/\/gesundequartiere.de\/wp-content\/uploads\/2025\/03\/Kirchdorf-Sued-statistisches-Quartier-1024x723.jpeg 1024w, https:\/\/gesundequartiere.de\/wp-content\/uploads\/2025\/03\/Kirchdorf-Sued-statistisches-Quartier-768x543.jpeg 768w, https:\/\/gesundequartiere.de\/wp-content\/uploads\/2025\/03\/Kirchdorf-Sued-statistisches-Quartier-1536x1085.jpeg 1536w, https:\/\/gesundequartiere.de\/wp-content\/uploads\/2025\/03\/Kirchdorf-Sued-statistisches-Quartier-2048x1447.jpeg 2048w\" sizes=\"auto, (max-width: 2163px) 100vw, 2163px\" \/><\/figure>\n\n\n\n<p class=\"has-normal-font-size\"><strong>Kirchdorf-S\u00fcd (statistisches Gebiet 16023)<\/strong><\/p>\n\n\n\n<p class=\"has-normal-font-size\">Einwohner*innen: 5.812*<\/p>\n\n\n\n<p class=\"has-normal-font-size\">Statusindex 2024: sehr niedrig<\/p>\n\n\n\n<p class=\"has-normal-font-size\">Dynamikindex 2024: stabil<\/p>\n\n\n\n<p class=\"has-small-font-size\">*Stand: 31.12.2023<\/p>\n\n\n\n<p><\/p>\n\n\n\n<figure class=\"wp-block-gallery has-nested-images columns-2 is-cropped wp-block-gallery-1 is-layout-flex wp-block-gallery-is-layout-flex\">\n<figure class=\"wp-block-image size-large\"><img loading=\"lazy\" decoding=\"async\" width=\"768\" height=\"1024\" data-id=\"1851\" src=\"https:\/\/www.gesundequartiere.de\/wp-content\/uploads\/2025\/04\/145345-768x1024.jpg\" alt=\"\" class=\"wp-image-1851\" srcset=\"https:\/\/gesundequartiere.de\/wp-content\/uploads\/2025\/04\/145345-768x1024.jpg 768w, https:\/\/gesundequartiere.de\/wp-content\/uploads\/2025\/04\/145345-225x300.jpg 225w, https:\/\/gesundequartiere.de\/wp-content\/uploads\/2025\/04\/145345-1152x1536.jpg 1152w, https:\/\/gesundequartiere.de\/wp-content\/uploads\/2025\/04\/145345.jpg 1210w\" sizes=\"auto, (max-width: 768px) 100vw, 768px\" \/><\/figure>\n\n\n\n<figure class=\"wp-block-image size-large\"><img loading=\"lazy\" decoding=\"async\" width=\"768\" height=\"1024\" data-id=\"1850\" src=\"https:\/\/www.gesundequartiere.de\/wp-content\/uploads\/2025\/04\/150359-768x1024.jpg\" alt=\"\" class=\"wp-image-1850\" srcset=\"https:\/\/gesundequartiere.de\/wp-content\/uploads\/2025\/04\/150359-768x1024.jpg 768w, https:\/\/gesundequartiere.de\/wp-content\/uploads\/2025\/04\/150359-225x300.jpg 225w, https:\/\/gesundequartiere.de\/wp-content\/uploads\/2025\/04\/150359-1152x1536.jpg 1152w, https:\/\/gesundequartiere.de\/wp-content\/uploads\/2025\/04\/150359.jpg 1210w\" sizes=\"auto, (max-width: 768px) 100vw, 768px\" \/><\/figure>\n\n\n\n<figure class=\"wp-block-image size-large\"><img loading=\"lazy\" decoding=\"async\" width=\"702\" height=\"1024\" data-id=\"1849\" src=\"https:\/\/www.gesundequartiere.de\/wp-content\/uploads\/2025\/04\/162955-702x1024.jpg\" alt=\"\" class=\"wp-image-1849\" srcset=\"https:\/\/gesundequartiere.de\/wp-content\/uploads\/2025\/04\/162955-702x1024.jpg 702w, https:\/\/gesundequartiere.de\/wp-content\/uploads\/2025\/04\/162955-206x300.jpg 206w, https:\/\/gesundequartiere.de\/wp-content\/uploads\/2025\/04\/162955-768x1121.jpg 768w, https:\/\/gesundequartiere.de\/wp-content\/uploads\/2025\/04\/162955-1052x1536.jpg 1052w, https:\/\/gesundequartiere.de\/wp-content\/uploads\/2025\/04\/162955.jpg 1105w\" sizes=\"auto, (max-width: 702px) 100vw, 702px\" \/><\/figure>\n\n\n\n<figure class=\"wp-block-image size-large\"><img loading=\"lazy\" decoding=\"async\" width=\"768\" height=\"1024\" data-id=\"1848\" src=\"https:\/\/www.gesundequartiere.de\/wp-content\/uploads\/2025\/04\/170204-768x1024.jpg\" alt=\"\" class=\"wp-image-1848\" srcset=\"https:\/\/gesundequartiere.de\/wp-content\/uploads\/2025\/04\/170204-768x1024.jpg 768w, https:\/\/gesundequartiere.de\/wp-content\/uploads\/2025\/04\/170204-225x300.jpg 225w, https:\/\/gesundequartiere.de\/wp-content\/uploads\/2025\/04\/170204-1152x1536.jpg 1152w, https:\/\/gesundequartiere.de\/wp-content\/uploads\/2025\/04\/170204.jpg 1512w\" sizes=\"auto, (max-width: 768px) 100vw, 768px\" \/><\/figure>\n\n\n\n<figure class=\"wp-block-image size-large\"><img loading=\"lazy\" decoding=\"async\" width=\"768\" height=\"1024\" data-id=\"1847\" src=\"https:\/\/www.gesundequartiere.de\/wp-content\/uploads\/2025\/04\/171440-768x1024.jpg\" alt=\"\" class=\"wp-image-1847\" srcset=\"https:\/\/gesundequartiere.de\/wp-content\/uploads\/2025\/04\/171440-768x1024.jpg 768w, https:\/\/gesundequartiere.de\/wp-content\/uploads\/2025\/04\/171440-225x300.jpg 225w, https:\/\/gesundequartiere.de\/wp-content\/uploads\/2025\/04\/171440-1152x1536.jpg 1152w, https:\/\/gesundequartiere.de\/wp-content\/uploads\/2025\/04\/171440-1536x2048.jpg 1536w, https:\/\/gesundequartiere.de\/wp-content\/uploads\/2025\/04\/171440-scaled.jpg 1920w\" sizes=\"auto, (max-width: 768px) 100vw, 768px\" \/><\/figure>\n\n\n\n<figure class=\"wp-block-image size-large\"><img loading=\"lazy\" decoding=\"async\" width=\"768\" height=\"1024\" data-id=\"1846\" src=\"https:\/\/www.gesundequartiere.de\/wp-content\/uploads\/2025\/04\/143647-768x1024.jpg\" alt=\"\" class=\"wp-image-1846\" srcset=\"https:\/\/gesundequartiere.de\/wp-content\/uploads\/2025\/04\/143647-768x1024.jpg 768w, https:\/\/gesundequartiere.de\/wp-content\/uploads\/2025\/04\/143647-225x300.jpg 225w, https:\/\/gesundequartiere.de\/wp-content\/uploads\/2025\/04\/143647-1152x1536.jpg 1152w, https:\/\/gesundequartiere.de\/wp-content\/uploads\/2025\/04\/143647.jpg 1512w\" sizes=\"auto, (max-width: 768px) 100vw, 768px\" \/><\/figure>\n<\/figure>\n\n\n\n<p class=\"has-text-align-center has-small-font-size\">Eindr\u00fccke aus Kirchdorf-S\u00fcd im Herbst 2024; mit Dank an die vier Student*innen des HAW-Studiengangs Interdisziplin\u00e4re Gesundheitsversorgung und Management<\/p>\n\n\n\n<p><\/p>\n","protected":false},"excerpt":{"rendered":"<p>Kirchdorf-S\u00fcd (statistisches Gebiet 16023) Einwohner*innen: 5.812* Statusindex 2024: sehr niedrig Dynamikindex 2024: stabil *Stand: 31.12.2023 Eindr\u00fccke aus Kirchdorf-S\u00fcd im Herbst 2024; mit Dank an die vier Student*innen des HAW-Studiengangs Interdisziplin\u00e4re Gesundheitsversorgung und Management<\/p>\n","protected":false},"author":4,"featured_media":0,"parent":0,"menu_order":0,"comment_status":"closed","ping_status":"closed","template":"","meta":{"footnotes":""},"class_list":["post-1573","page","type-page","status-publish","hentry"],"_links":{"self":[{"href":"https:\/\/gesundequartiere.de\/index.php\/wp-json\/wp\/v2\/pages\/1573","targetHints":{"allow":["GET"]}}],"collection":[{"href":"https:\/\/gesundequartiere.de\/index.php\/wp-json\/wp\/v2\/pages"}],"about":[{"href":"https:\/\/gesundequartiere.de\/index.php\/wp-json\/wp\/v2\/types\/page"}],"author":[{"embeddable":true,"href":"https:\/\/gesundequartiere.de\/index.php\/wp-json\/wp\/v2\/users\/4"}],"replies":[{"embeddable":true,"href":"https:\/\/gesundequartiere.de\/index.php\/wp-json\/wp\/v2\/comments?post=1573"}],"version-history":[{"count":11,"href":"https:\/\/gesundequartiere.de\/index.php\/wp-json\/wp\/v2\/pages\/1573\/revisions"}],"predecessor-version":[{"id":1986,"href":"https:\/\/gesundequartiere.de\/index.php\/wp-json\/wp\/v2\/pages\/1573\/revisions\/1986"}],"wp:attachment":[{"href":"https:\/\/gesundequartiere.de\/index.php\/wp-json\/wp\/v2\/media?parent=1573"}],"curies":[{"name":"wp","href":"https:\/\/api.w.org\/{rel}","templated":true}]}}