{"id":1917,"date":"2025-04-10T15:12:38","date_gmt":"2025-04-10T13:12:38","guid":{"rendered":"https:\/\/www.gesundequartiere.de\/?page_id=1917"},"modified":"2025-04-24T11:17:16","modified_gmt":"2025-04-24T09:17:16","slug":"befragung","status":"publish","type":"page","link":"https:\/\/gesundequartiere.de\/index.php\/befragung\/","title":{"rendered":"Schriftliche Befragung"},"content":{"rendered":"\n<p class=\"has-normal-font-size\">Im Rahmen der schriftlichen Befragung werden in einem Fragebogen verschiedene Einflussfaktoren auf die Gesundheit sowie Bereiche des individuellen Gesundheitsverhaltens erfasst (u.a. Wohnumgebung, Lebensqualit\u00e4t, Stressbelastung, Gesundheitskompetenz). Ein Fokus liegt auf der Kenntnis und Inanspruchnahme gesundheitsf\u00f6rderlicher und &nbsp;pr\u00e4ventiver Gesundheitsleistungen im Rahmen der Satzungsleistungen der gesetzlichen Krankenkassen. &nbsp;Die Entwicklung des Fragebogens erfolgte unter Ber\u00fcckschtigung der Ergebnisse des vorherigen Moduls, um eine adressat*innengerechte Konzeption des Instruments zu gew\u00e4hrleisten.<\/p>\n\n\n\n<p class=\"has-normal-font-size\">Die Befragung erfolgt in zwei Phasen:<\/p>\n\n\n\n<ol class=\"wp-block-list\">\n<li class=\"has-normal-font-size\"><strong>Feldphase 1<\/strong>: Eine Quartiersbefragung wurde im Herbst 2024 in den 4 Untersuchungsquartieren (mittlere, niedrige und sehr niedrige Statusindexklasse nach Hamburger Sozialmonitoring) durchgef\u00fchrt. Es wurden ca. 12.000 Bewohner:innen pers\u00f6nlich aufgesucht bzw. angeschrieben.<\/li>\n\n\n\n<li class=\"has-normal-font-size\"><strong>Feldphase 2<\/strong>: Im Fr\u00fchjahr 2025 erfolgt eine Befragung von 32.000 zuf\u00e4llig ausgew\u00e4hlten Versicherten der beteiligten gesetzlichen Krankenkassen (AOK, DAK, Mobil, TK). Die Auswahl erfolgt differenziert nach der Statusindexklasse der Wohnadresse. Die Anschreiben werden direkt durch die Krankenkassen versendet.<\/li>\n<\/ol>\n\n\n\n<p class=\"has-normal-font-size\">Der standardisierte Fragebogen ist mittels QR-Code zug\u00e4nglich. Auf Anfrage kann auch ein Papierfragebogen zur Verf\u00fcgung gestellt werden.<\/p>\n\n\n\n<p class=\"has-normal-font-size\">Teilnehmende an der Befragung haben die M\u00f6glichkeit, an einer Verlosung von Geldpreisen teilzunehmen.<\/p>\n","protected":false},"excerpt":{"rendered":"<p>Im Rahmen der schriftlichen Befragung werden in einem Fragebogen verschiedene Einflussfaktoren auf die Gesundheit sowie Bereiche des individuellen Gesundheitsverhaltens erfasst (u.a. Wohnumgebung, Lebensqualit\u00e4t, Stressbelastung, Gesundheitskompetenz). Ein Fokus liegt auf der Kenntnis und Inanspruchnahme gesundheitsf\u00f6rderlicher und &nbsp;pr\u00e4ventiver Gesundheitsleistungen im Rahmen der <a class=\"more-link\" href=\"https:\/\/gesundequartiere.de\/index.php\/befragung\/\">weiterlesen&#8230;<\/a><\/p>\n","protected":false},"author":4,"featured_media":0,"parent":0,"menu_order":0,"comment_status":"closed","ping_status":"closed","template":"","meta":{"footnotes":""},"class_list":["post-1917","page","type-page","status-publish","hentry"],"_links":{"self":[{"href":"https:\/\/gesundequartiere.de\/index.php\/wp-json\/wp\/v2\/pages\/1917","targetHints":{"allow":["GET"]}}],"collection":[{"href":"https:\/\/gesundequartiere.de\/index.php\/wp-json\/wp\/v2\/pages"}],"about":[{"href":"https:\/\/gesundequartiere.de\/index.php\/wp-json\/wp\/v2\/types\/page"}],"author":[{"embeddable":true,"href":"https:\/\/gesundequartiere.de\/index.php\/wp-json\/wp\/v2\/users\/4"}],"replies":[{"embeddable":true,"href":"https:\/\/gesundequartiere.de\/index.php\/wp-json\/wp\/v2\/comments?post=1917"}],"version-history":[{"count":7,"href":"https:\/\/gesundequartiere.de\/index.php\/wp-json\/wp\/v2\/pages\/1917\/revisions"}],"predecessor-version":[{"id":1975,"href":"https:\/\/gesundequartiere.de\/index.php\/wp-json\/wp\/v2\/pages\/1917\/revisions\/1975"}],"wp:attachment":[{"href":"https:\/\/gesundequartiere.de\/index.php\/wp-json\/wp\/v2\/media?parent=1917"}],"curies":[{"name":"wp","href":"https:\/\/api.w.org\/{rel}","templated":true}]}}