{"id":24,"date":"2017-09-19T13:18:57","date_gmt":"2017-09-19T11:18:57","guid":{"rendered":"http:\/\/www.gesundequartiere.de\/wordpress\/?page_id=24"},"modified":"2025-03-24T10:40:52","modified_gmt":"2025-03-24T09:40:52","slug":"gesundequartiere1","status":"publish","type":"page","link":"https:\/\/gesundequartiere.de\/index.php\/gesundequartiere1\/","title":{"rendered":"Vorg\u00e4ngerprojekt"},"content":{"rendered":"<p>Das interdisziplin\u00e4re Forschungsprojekt &#8222;Gesunde Quartiere&#8220; lief von 2017 bis 2021. Die Freie und Hansestadt Hamburg f\u00f6rderte es im Rahmen der Landesforschungsf\u00f6rderung f\u00fcr dreieinhalb Jahre. Die Verbundpartner waren Prof. Dr. Joachim Westenh\u00f6fer (Competence Center Gesundheit der HAW Hamburg), Prof. Dr. Susanne Busch (ebenfalls Competence Center Gesundheit), Prof. Dr. Olaf von dem Knesebeck (Institut f\u00fcr Medizinische Soziologie, Universit\u00e4tsklinikum Hamburg-Eppendorf), Prof. Dr. J\u00f6rg Pohlan (Stadtentwicklung und Quantitative Methoden der Stadt- und Regionalforschung, Hafen-City Universit\u00e4t Hamburg) und Dr. Enno Swart (Institut f\u00fcr Sozialmedizin und Gesundheits\u00f6konomie, Otto-von-Guericke-Universit\u00e4t Magdeburg).<\/p>\n<p>Weitere Informationen und die Ergebnisse finden Sie im Buch: &#8222;Gesunde Quartiere: Gesundheitsf\u00f6rderung und Pr\u00e4vention im st\u00e4dtischen Kontext&#8220;, herausgegeben von Joachim Westenh\u00f6fer, Susanne Busch, J\u00f6rg Pohlan, Olaf von dem Knesebeck und Enno Swart (M\u00fcnchen: oekom; 2021)<\/p>\n<p><img loading=\"lazy\" decoding=\"async\" class=\"alignnone size-medium wp-image-1126\" src=\"http:\/\/www.gesundequartiere.de\/wp-content\/uploads\/2021\/06\/Cover_Bild-1-213x300.jpg\" alt=\"\" width=\"213\" height=\"300\" srcset=\"https:\/\/gesundequartiere.de\/wp-content\/uploads\/2021\/06\/Cover_Bild-1-213x300.jpg 213w, https:\/\/gesundequartiere.de\/wp-content\/uploads\/2021\/06\/Cover_Bild-1.jpg 414w\" sizes=\"auto, (max-width: 213px) 100vw, 213px\" \/><\/p>\n\n\n<ul class=\"wp-block-list\">\n<li class=\"has-normal-font-size\"><a href=\"https:\/\/www.gesundequartiere.de\/index.php\/gesundequartiere1\/hintergrund\/\" data-type=\"page\" data-id=\"202\">Hintergrund<\/a><\/li>\n\n\n\n<li class=\"has-normal-font-size\"><a href=\"https:\/\/www.gesundequartiere.de\/index.php\/gesundequartiere1\/ueber-mich\/\" data-type=\"page\" data-id=\"25\">Forschungsverbund des Vorg\u00e4ngerprojekts<\/a><\/li>\n\n\n\n<li class=\"has-normal-font-size\"><a href=\"https:\/\/www.gesundequartiere.de\/index.php\/gesundequartiere1\/ein-startseiten-abschnitt\/\" data-type=\"page\" data-id=\"28\">Ver\u00f6ffentlichungen zum Vorg\u00e4ngerprojekt<\/a><\/li>\n<\/ul>\n\n\n\n<p><\/p>\n","protected":false},"excerpt":{"rendered":"<p>Das interdisziplin\u00e4re Forschungsprojekt &#8222;Gesunde Quartiere&#8220; lief von 2017 bis 2021. Die Freie und Hansestadt Hamburg f\u00f6rderte es im Rahmen der Landesforschungsf\u00f6rderung f\u00fcr dreieinhalb Jahre. Die Verbundpartner waren Prof. Dr. Joachim Westenh\u00f6fer (Competence Center Gesundheit der HAW Hamburg), Prof. Dr. Susanne <a class=\"more-link\" href=\"https:\/\/gesundequartiere.de\/index.php\/gesundequartiere1\/\">weiterlesen&#8230;<\/a><\/p>\n","protected":false},"author":1,"featured_media":0,"parent":0,"menu_order":4,"comment_status":"closed","ping_status":"closed","template":"","meta":{"footnotes":""},"class_list":["post-24","page","type-page","status-publish","hentry"],"_links":{"self":[{"href":"https:\/\/gesundequartiere.de\/index.php\/wp-json\/wp\/v2\/pages\/24","targetHints":{"allow":["GET"]}}],"collection":[{"href":"https:\/\/gesundequartiere.de\/index.php\/wp-json\/wp\/v2\/pages"}],"about":[{"href":"https:\/\/gesundequartiere.de\/index.php\/wp-json\/wp\/v2\/types\/page"}],"author":[{"embeddable":true,"href":"https:\/\/gesundequartiere.de\/index.php\/wp-json\/wp\/v2\/users\/1"}],"replies":[{"embeddable":true,"href":"https:\/\/gesundequartiere.de\/index.php\/wp-json\/wp\/v2\/comments?post=24"}],"version-history":[{"count":20,"href":"https:\/\/gesundequartiere.de\/index.php\/wp-json\/wp\/v2\/pages\/24\/revisions"}],"predecessor-version":[{"id":1800,"href":"https:\/\/gesundequartiere.de\/index.php\/wp-json\/wp\/v2\/pages\/24\/revisions\/1800"}],"wp:attachment":[{"href":"https:\/\/gesundequartiere.de\/index.php\/wp-json\/wp\/v2\/media?parent=24"}],"curies":[{"name":"wp","href":"https:\/\/api.w.org\/{rel}","templated":true}]}}