{"id":25,"date":"2017-09-19T13:18:57","date_gmt":"2017-09-19T11:18:57","guid":{"rendered":"http:\/\/www.gesundequartiere.de\/wordpress\/?page_id=25"},"modified":"2025-03-24T10:36:02","modified_gmt":"2025-03-24T09:36:02","slug":"ueber-mich","status":"publish","type":"page","link":"https:\/\/gesundequartiere.de\/index.php\/gesundequartiere1\/ueber-mich\/","title":{"rendered":"Forschungsverbund des Vorg\u00e4ngerprojekts"},"content":{"rendered":"<p>Das interdisziplin\u00e4re Projektteam setzt sich aus Wissenschaftlern zusammen, die \u00fcber umfangreiche Expertise und Erfahrung aus der Gesundheitspsychologie, Medizinsoziologie, Epidemiologie, Stadt- und Regionalforschung, Stadtentwicklung sowie\u00a0Gesundheits\u00f6konomie und Gesundheitsf\u00f6rderung\u00a0verf\u00fcgen. Das breite Spektrum von Qualifikationen der beteiligten Hochschulen erm\u00f6glicht\u00a0eine erfolgreiche Bearbeitung des vorgesehenen Forschungsvorhabens.<\/p>\n<div id=\"attachment_1105\" style=\"width: 606px\" class=\"wp-caption aligncenter\"><img loading=\"lazy\" decoding=\"async\" aria-describedby=\"caption-attachment-1105\" class=\"wp-image-1105\" src=\"http:\/\/www.gesundequartiere.de\/wp-content\/uploads\/2021\/04\/wir3-e1618490677676-300x217.png\" alt=\"\" width=\"596\" height=\"431\" srcset=\"https:\/\/gesundequartiere.de\/wp-content\/uploads\/2021\/04\/wir3-e1618490677676-300x217.png 300w, https:\/\/gesundequartiere.de\/wp-content\/uploads\/2021\/04\/wir3-e1618490677676-768x555.png 768w, https:\/\/gesundequartiere.de\/wp-content\/uploads\/2021\/04\/wir3-e1618490677676.png 788w\" sizes=\"auto, (max-width: 596px) 100vw, 596px\" \/><p id=\"caption-attachment-1105\" class=\"wp-caption-text\">Projektteam Gesundheitswissenschaften: Prof. Joachim Westenh\u00f6fer, Prof. Dr. Johanna Buchcik und wissenschaftliche Mitarbeiterin Jana Simone Borutta.<\/p><\/div>\n<div id=\"attachment_726\" style=\"width: 810px\" class=\"wp-caption alignleft\"><a href=\"http:\/\/www.gesundequartiere.de\/wp-content\/uploads\/2017\/09\/20180328_Team_Alex_LR.jpg\"><img loading=\"lazy\" decoding=\"async\" aria-describedby=\"caption-attachment-726\" class=\"wp-image-726 size-full\" src=\"http:\/\/www.gesundequartiere.de\/wp-content\/uploads\/2017\/09\/20180328_Team_Alex_LR.jpg\" alt=\"\" width=\"800\" height=\"533\" srcset=\"https:\/\/gesundequartiere.de\/wp-content\/uploads\/2017\/09\/20180328_Team_Alex_LR.jpg 800w, https:\/\/gesundequartiere.de\/wp-content\/uploads\/2017\/09\/20180328_Team_Alex_LR-300x200.jpg 300w, https:\/\/gesundequartiere.de\/wp-content\/uploads\/2017\/09\/20180328_Team_Alex_LR-768x512.jpg 768w\" sizes=\"auto, (max-width: 800px) 100vw, 800px\" \/><\/a><p id=\"caption-attachment-726\" class=\"wp-caption-text\">Im Department Pflege und Management der Hochschule f\u00fcr Angewandte Wissenschaften Hamburg forschen Prof. Dr. Susanne Busch (Mitte), Nele Mindermann und Ralf Schattschneider (beide wissenschaftliche Mitarbeitende).<\/p><\/div>\n<div id=\"attachment_727\" style=\"width: 810px\" class=\"wp-caption alignleft\"><a href=\"http:\/\/www.gesundequartiere.de\/wp-content\/uploads\/2017\/09\/Team-UKE-Kopie.jpg\"><img loading=\"lazy\" decoding=\"async\" aria-describedby=\"caption-attachment-727\" class=\"wp-image-727 size-full\" src=\"http:\/\/www.gesundequartiere.de\/wp-content\/uploads\/2017\/09\/Team-UKE-Kopie.jpg\" alt=\"\" width=\"800\" height=\"597\" srcset=\"https:\/\/gesundequartiere.de\/wp-content\/uploads\/2017\/09\/Team-UKE-Kopie.jpg 800w, https:\/\/gesundequartiere.de\/wp-content\/uploads\/2017\/09\/Team-UKE-Kopie-300x224.jpg 300w, https:\/\/gesundequartiere.de\/wp-content\/uploads\/2017\/09\/Team-UKE-Kopie-768x573.jpg 768w\" sizes=\"auto, (max-width: 800px) 100vw, 800px\" \/><\/a><p id=\"caption-attachment-727\" class=\"wp-caption-text\">Prof. Dr. Olaf von dem Knesebeck und Dr. Stefan Nickel. vom Institut f\u00fcr Medizinische Soziologie des Universit\u00e4tsklinikum unterst\u00fctzen das Projekt.<\/p><\/div>\n<div id=\"attachment_728\" style=\"width: 810px\" class=\"wp-caption alignleft\"><a href=\"http:\/\/www.gesundequartiere.de\/wp-content\/uploads\/2017\/09\/TeamHCU-Kopie.jpg\"><img loading=\"lazy\" decoding=\"async\" aria-describedby=\"caption-attachment-728\" class=\"size-full wp-image-728\" src=\"http:\/\/www.gesundequartiere.de\/wp-content\/uploads\/2017\/09\/TeamHCU-Kopie.jpg\" alt=\"\" width=\"800\" height=\"534\" srcset=\"https:\/\/gesundequartiere.de\/wp-content\/uploads\/2017\/09\/TeamHCU-Kopie.jpg 800w, https:\/\/gesundequartiere.de\/wp-content\/uploads\/2017\/09\/TeamHCU-Kopie-300x200.jpg 300w, https:\/\/gesundequartiere.de\/wp-content\/uploads\/2017\/09\/TeamHCU-Kopie-768x513.jpg 768w\" sizes=\"auto, (max-width: 800px) 100vw, 800px\" \/><\/a><p id=\"caption-attachment-728\" class=\"wp-caption-text\">Prof. Dr. J\u00f6rg Pohlan, Evgenia Yosifova (die wissenschaftliche Mitarbeiterin ist rechts im Bild) und Annika Winkelmann (die studentische Hilfskraft ist links im Bild) von der HafenCity Universit\u00e4t Hamburg bringen ihre Expertise im Bereich Stadtentwicklung und quantitative Methoden zur Stadt- und Regionalforschung ins Projekt ein.<\/p><\/div>\n<div id=\"attachment_729\" style=\"width: 810px\" class=\"wp-caption alignleft\"><a href=\"http:\/\/www.gesundequartiere.de\/wp-content\/uploads\/2017\/09\/Team-Universit\u00e4t-Magdeburg-Kopie.jpg\"><img loading=\"lazy\" decoding=\"async\" aria-describedby=\"caption-attachment-729\" class=\"size-full wp-image-729\" src=\"http:\/\/www.gesundequartiere.de\/wp-content\/uploads\/2017\/09\/Team-Universit\u00e4t-Magdeburg-Kopie.jpg\" alt=\"\" width=\"800\" height=\"600\" srcset=\"https:\/\/gesundequartiere.de\/wp-content\/uploads\/2017\/09\/Team-Universit\u00e4t-Magdeburg-Kopie.jpg 800w, https:\/\/gesundequartiere.de\/wp-content\/uploads\/2017\/09\/Team-Universit\u00e4t-Magdeburg-Kopie-300x225.jpg 300w, https:\/\/gesundequartiere.de\/wp-content\/uploads\/2017\/09\/Team-Universit\u00e4t-Magdeburg-Kopie-768x576.jpg 768w\" sizes=\"auto, (max-width: 800px) 100vw, 800px\" \/><\/a><p id=\"caption-attachment-729\" class=\"wp-caption-text\">Dr. rer. biol. hum.habil. Enno Swart und seine wissenschaftliche Mitarbeiterin Maria Schimmelpfennig arbeiten von Magdeburg aus f\u00fcr das Projekt.<\/p><\/div>\n<h3 align=\"LEFT\"><\/h3>\n<h3 align=\"LEFT\"><\/h3>\n<h3 align=\"LEFT\"><\/h3>\n<h3 align=\"LEFT\"><\/h3>\n<h3 align=\"LEFT\"><\/h3>\n<h3 align=\"LEFT\"><\/h3>\n<h3 align=\"LEFT\"><\/h3>\n<h3 align=\"LEFT\"><\/h3>\n<h3 align=\"LEFT\"><\/h3>\n<h3 align=\"LEFT\"><\/h3>\n<h3 align=\"LEFT\"><\/h3>\n<h3 align=\"LEFT\"><\/h3>\n<h3 align=\"LEFT\"><\/h3>\n<h3 align=\"LEFT\"><\/h3>\n<h3 align=\"LEFT\"><\/h3>\n<h3 align=\"LEFT\"><\/h3>\n<h3 align=\"LEFT\"><\/h3>\n<h3 align=\"LEFT\"><\/h3>\n<h3 align=\"LEFT\"><\/h3>\n<h3 align=\"LEFT\"><\/h3>\n<h3 align=\"LEFT\"><\/h3>\n<h3 align=\"LEFT\"><\/h3>\n<h3 align=\"LEFT\"><\/h3>\n<h3 align=\"LEFT\"><\/h3>\n<h3 align=\"LEFT\"><\/h3>\n<h3 align=\"LEFT\"><\/h3>\n<h3 align=\"LEFT\"><\/h3>\n<h3 align=\"LEFT\"><\/h3>\n<h3 align=\"LEFT\"><\/h3>\n<h3 align=\"LEFT\"><\/h3>\n<h3 align=\"LEFT\"><\/h3>\n<h3 align=\"LEFT\"><\/h3>\n<h3 align=\"LEFT\"><\/h3>\n<h3 align=\"LEFT\"><\/h3>\n<h3 align=\"LEFT\"><\/h3>\n<h3 align=\"LEFT\"><\/h3>\n<h3 align=\"LEFT\"><\/h3>\n<h3 align=\"LEFT\"><\/h3>\n<h3 align=\"LEFT\"><\/h3>\n<h3 align=\"LEFT\"><\/h3>\n<h3 align=\"LEFT\"><\/h3>\n<h3 align=\"LEFT\"><\/h3>\n<h3 align=\"LEFT\"><\/h3>\n<h3 align=\"LEFT\"><\/h3>\n<h3 align=\"LEFT\"><\/h3>\n<h3 align=\"LEFT\"><\/h3>\n<h3 align=\"LEFT\"><\/h3>\n<h3 align=\"LEFT\"><\/h3>\n<h3 align=\"LEFT\"><\/h3>\n<h3 align=\"LEFT\"><\/h3>\n<h3 align=\"LEFT\"><\/h3>\n<h3 align=\"LEFT\"><\/h3>\n<h3 align=\"LEFT\"><\/h3>\n<h3 align=\"LEFT\"><\/h3>\n<h3 align=\"LEFT\">Leitungskreis<\/h3>\n<p>Der Forschungsverbund wird von einem Leitungskreis geleitet und von einem wissenschaftlichen Beirat begleitet. Der Lenkungskreis koordiniert die verschiedenen Projektarbeiten, \u00fcberwacht regelm\u00e4\u00dfig den Fortschritt des Verbundprojektes und seiner Arbeitspakete und trifft alle Entscheidungen, die f\u00fcr die erfolgreiche Realisierung des Forschungsverbunds notwendig sind.<\/p>\n<p>[tmm name=&#8220;370&#8243;]<\/p>\n<h3 align=\"LEFT\">Wissenschaftlicher Beirat<\/h3>\n<p>Der wissenschaftliche Beirat ber\u00e4t den Forschungsverbund hinsichtlich der wissenschaftlichen Qualit\u00e4t und der Praxisrelevanz des Vorgehens und der Ergebnisse. Der Rat setzt sich aus dem Leitungskreis sowie\u00a0folgenden Experten auf dem Projektgebiet zusammen:<\/p>\n<p><span style=\"color: #033165;\">Prof. Dr. Dr. Alf Trojan<\/span><span style=\"color: #033165;\">\u00a0<\/span>\u2013 Arzt, Medizinsoziologe und ehemaliger Direktor des Instituts f\u00fcr medizinische Soziologie am Universit\u00e4tsklinikum Eppendorf<\/p>\n<p><span style=\"color: #033165;\">Dr. h.c. Helmut Hildebrandt<\/span>\u00a0\u2013 Vorstandsvorsitzender der OptiMedis AG Hamburg<\/p>\n<p><span style=\"color: #033165;\">Kathrin Herbst<\/span> \u2013 Leiterin der Landesvertretung Hamburg, Verband der Ersatzkassen e.V. (vdek)<\/p>\n<p><span style=\"color: #033165;\">Prof. Dr. Susanne Moebus<\/span> \u2013 Leiterin des Zentrums f\u00fcr urbane Epidemiologie am Universit\u00e4tsklinikum Essen und Pr\u00e4sidentin der Deutschen Gesellschaft f\u00fcr Sozialmedizin und Pr\u00e4vention<\/p>\n<p><span style=\"color: #033165;\">Prof. Dr. Simon G\u00fcntner<\/span>\u00a0\u2013 Professor f\u00fcr Sozialwissenschaften und Sozialpolitik an der HAW Hamburg<\/p>\n<p><span style=\"color: #033165;\">Prof. Dr. Corinna Petersen-Ewert<\/span>\u00a0\u2013 Professorin f\u00fcr Gesundheits- und Sozialwissenschaften an der HAW Hamburg, Vorsitzende der Hamburgischen Arbeitsgemeinschaft f\u00fcr Gesundheitsf\u00f6rderung e.V. und Vorstandsmitglied der Bundesvereinigung Pr\u00e4vention und Gesundheitsf\u00f6rderung<\/p>\n<p><span style=\"color: #033165;\">Astrid Babin- <span style=\"color: #000000;\">Mitarbeiterin der Beh\u00f6rde f\u00fcr Stadtentwicklung und Umwelt<\/span><\/span><\/p>\n","protected":false},"excerpt":{"rendered":"<p>Das interdisziplin\u00e4re Projektteam setzt sich aus Wissenschaftlern zusammen, die \u00fcber umfangreiche Expertise und Erfahrung aus der Gesundheitspsychologie, Medizinsoziologie, Epidemiologie, Stadt- und Regionalforschung, Stadtentwicklung sowie\u00a0Gesundheits\u00f6konomie und Gesundheitsf\u00f6rderung\u00a0verf\u00fcgen. Das breite Spektrum von Qualifikationen der beteiligten Hochschulen erm\u00f6glicht\u00a0eine erfolgreiche Bearbeitung des vorgesehenen Forschungsvorhabens. <a class=\"more-link\" href=\"https:\/\/gesundequartiere.de\/index.php\/gesundequartiere1\/ueber-mich\/\">weiterlesen&#8230;<\/a><\/p>\n","protected":false},"author":1,"featured_media":734,"parent":24,"menu_order":3,"comment_status":"closed","ping_status":"closed","template":"","meta":{"footnotes":""},"class_list":["post-25","page","type-page","status-publish","has-post-thumbnail","hentry"],"_links":{"self":[{"href":"https:\/\/gesundequartiere.de\/index.php\/wp-json\/wp\/v2\/pages\/25","targetHints":{"allow":["GET"]}}],"collection":[{"href":"https:\/\/gesundequartiere.de\/index.php\/wp-json\/wp\/v2\/pages"}],"about":[{"href":"https:\/\/gesundequartiere.de\/index.php\/wp-json\/wp\/v2\/types\/page"}],"author":[{"embeddable":true,"href":"https:\/\/gesundequartiere.de\/index.php\/wp-json\/wp\/v2\/users\/1"}],"replies":[{"embeddable":true,"href":"https:\/\/gesundequartiere.de\/index.php\/wp-json\/wp\/v2\/comments?post=25"}],"version-history":[{"count":22,"href":"https:\/\/gesundequartiere.de\/index.php\/wp-json\/wp\/v2\/pages\/25\/revisions"}],"predecessor-version":[{"id":1797,"href":"https:\/\/gesundequartiere.de\/index.php\/wp-json\/wp\/v2\/pages\/25\/revisions\/1797"}],"up":[{"embeddable":true,"href":"https:\/\/gesundequartiere.de\/index.php\/wp-json\/wp\/v2\/pages\/24"}],"wp:featuredmedia":[{"embeddable":true,"href":"https:\/\/gesundequartiere.de\/index.php\/wp-json\/wp\/v2\/media\/734"}],"wp:attachment":[{"href":"https:\/\/gesundequartiere.de\/index.php\/wp-json\/wp\/v2\/media?parent=25"}],"curies":[{"name":"wp","href":"https:\/\/api.w.org\/{rel}","templated":true}]}}