{"id":26,"date":"2017-09-19T13:18:58","date_gmt":"2017-09-19T11:18:58","guid":{"rendered":"http:\/\/www.gesundequartiere.de\/wordpress\/?page_id=26"},"modified":"2025-04-24T10:47:34","modified_gmt":"2025-04-24T08:47:34","slug":"impressum","status":"publish","type":"page","link":"https:\/\/gesundequartiere.de\/index.php\/impressum\/","title":{"rendered":"Impressum"},"content":{"rendered":"<h5><span style=\"color: #033165;\">Projektleitung und redaktionelle Verantwortung<\/span><\/h5>\n<p>Prof. Dr. Susanne Busch<br \/>Hochschule f\u00fcr Angewandte Wissenschaften Hamburg<br \/>Alexanderstra\u00dfe 1<br \/>20099 Hamburg<br \/>T +49 1512 5281 469<br \/>susanne.busch[at]haw-hamburg.de<\/p>\n<p><em>Haftungsausschluss f\u00fcr Inhalte und Links<\/em><\/p>\n<p>Trotz sorgf\u00e4ltiger inhaltlicher Kontrolle \u00fcbernehmen wir keine Haftung f\u00fcr die Richtigkeit, Vollst\u00e4ndigkeit und Aktualit\u00e4t unserer Webseite. Hinweise oder Korrekturen senden Sie bitte an die Projektleitung.<\/p>\n<p>F\u00fcr die Inhalte externer Links sind ausschlie\u00dflich deren Betreiber verantwortlich. Diese Erkl\u00e4rung gilt f\u00fcr alle auf den Webseiten angebrachten Links und f\u00fcr alle Inhalte der Seiten, zu denen Links oder Banner f\u00fchren.<\/p>\n<p><em>Urheber- und Kennzeichenrecht<\/em><\/p>\n<p>Das Copyright f\u00fcr ver\u00f6ffentlichte, vom Herausgeber selbst erstellte Inhalte und Objekte bleibt allein beim Herausgeber der Seiten. Eine Vervielf\u00e4ltigung, Verarbeitung, Einspeicherung oder Verwendung solcher Grafiken, Ton- und Videodokumente sowie Texte in anderen elektronischen oder gedruckten Publikationen ist ohne ausdr\u00fcckliche Zustimmung des Autors nicht gestattet. Unber\u00fchrt davon bleibt das Kopieren und Herunterladen f\u00fcr den privaten, wissenschaftlichen und nicht kommerziellen Gebrauch. Wir erlauben ausdr\u00fccklich und begr\u00fc\u00dfen das Zitieren unserer Dokumente und Webseiten sowie das Setzen von Links auf unsere Website.<\/p>\n\n\n<hr class=\"wp-block-separator has-alpha-channel-opacity\"\/>\n\n\n\n<h2 class=\"wp-block-heading\">Bildnachweis<\/h2>\n\n\n\n<ul class=\"wp-block-list\">\n<li>Titelbild: \u00a9 &#8211; <a href=\"https:\/\/stock.adobe.com\/images\/skylinie-hamburg-port-panorama\/137348302\" target=\"_blank\" rel=\"noreferrer noopener\">Knut Hebstreit &#8211; Skylinie Hamburg Port Panorama &#8211; stock.adobe.com<\/a><\/li>\n<\/ul>\n","protected":false},"excerpt":{"rendered":"<p>Projektleitung und redaktionelle Verantwortung Prof. Dr. Susanne BuschHochschule f\u00fcr Angewandte Wissenschaften HamburgAlexanderstra\u00dfe 120099 HamburgT +49 1512 5281 469susanne.busch[at]haw-hamburg.de Haftungsausschluss f\u00fcr Inhalte und Links Trotz sorgf\u00e4ltiger inhaltlicher Kontrolle \u00fcbernehmen wir keine Haftung f\u00fcr die Richtigkeit, Vollst\u00e4ndigkeit und Aktualit\u00e4t unserer Webseite. Hinweise <a class=\"more-link\" href=\"https:\/\/gesundequartiere.de\/index.php\/impressum\/\">weiterlesen&#8230;<\/a><\/p>\n","protected":false},"author":1,"featured_media":291,"parent":0,"menu_order":0,"comment_status":"closed","ping_status":"closed","template":"","meta":{"footnotes":""},"class_list":["post-26","page","type-page","status-publish","has-post-thumbnail","hentry"],"_links":{"self":[{"href":"https:\/\/gesundequartiere.de\/index.php\/wp-json\/wp\/v2\/pages\/26","targetHints":{"allow":["GET"]}}],"collection":[{"href":"https:\/\/gesundequartiere.de\/index.php\/wp-json\/wp\/v2\/pages"}],"about":[{"href":"https:\/\/gesundequartiere.de\/index.php\/wp-json\/wp\/v2\/types\/page"}],"author":[{"embeddable":true,"href":"https:\/\/gesundequartiere.de\/index.php\/wp-json\/wp\/v2\/users\/1"}],"replies":[{"embeddable":true,"href":"https:\/\/gesundequartiere.de\/index.php\/wp-json\/wp\/v2\/comments?post=26"}],"version-history":[{"count":10,"href":"https:\/\/gesundequartiere.de\/index.php\/wp-json\/wp\/v2\/pages\/26\/revisions"}],"predecessor-version":[{"id":1969,"href":"https:\/\/gesundequartiere.de\/index.php\/wp-json\/wp\/v2\/pages\/26\/revisions\/1969"}],"wp:featuredmedia":[{"embeddable":true,"href":"https:\/\/gesundequartiere.de\/index.php\/wp-json\/wp\/v2\/media\/291"}],"wp:attachment":[{"href":"https:\/\/gesundequartiere.de\/index.php\/wp-json\/wp\/v2\/media?parent=26"}],"curies":[{"name":"wp","href":"https:\/\/api.w.org\/{rel}","templated":true}]}}