{"id":28,"date":"2017-09-19T13:18:58","date_gmt":"2017-09-19T11:18:58","guid":{"rendered":"http:\/\/www.gesundequartiere.de\/wordpress\/?page_id=28"},"modified":"2025-03-24T10:25:12","modified_gmt":"2025-03-24T09:25:12","slug":"ein-startseiten-abschnitt","status":"publish","type":"page","link":"https:\/\/gesundequartiere.de\/index.php\/gesundequartiere1\/ein-startseiten-abschnitt\/","title":{"rendered":"Ver\u00f6ffentlichungen zum Vorg\u00e4ngerprojekt"},"content":{"rendered":"<p><a href=\"http:\/\/www.gesundequartiere.de\/wp-content\/uploads\/2018\/04\/Bergedorfer-Zeitung_2018_03_20.pdf\"><img loading=\"lazy\" decoding=\"async\" class=\"alignleft wp-image-709\" src=\"http:\/\/www.gesundequartiere.de\/wp-content\/uploads\/2017\/09\/Bergedorfer-Zeitung_2018_03_20.png\" alt=\"\" width=\"121\" height=\"129\" srcset=\"https:\/\/gesundequartiere.de\/wp-content\/uploads\/2017\/09\/Bergedorfer-Zeitung_2018_03_20.png 642w, https:\/\/gesundequartiere.de\/wp-content\/uploads\/2017\/09\/Bergedorfer-Zeitung_2018_03_20-282x300.png 282w\" sizes=\"auto, (max-width: 121px) 100vw, 121px\" \/><\/a><\/p>\n<p><a href=\"http:\/\/www.gesundequartiere.de\/wp-content\/uploads\/2018\/04\/Bergedorfer-Zeitung_2018_03_20.pdf\" target=\"_blank\" rel=\"noopener noreferrer\">Bergedorfer Zeitung_2018_03_20<\/a><\/p>\n<p>Die <a href=\"https:\/\/www.bergedorfer-zeitung.de\/\" target=\"_blank\" rel=\"noopener noreferrer\">Bergedorfer Zeitung<\/a> berichtete \u00fcber die anstehende Befragung des Forschungsverbundes in Hamburgern Quartieren. Auch die Meinung von Bewohnerinnen und Bewohner des Stadtteils Lohbr\u00fcgge ist gefragt.<\/p>\n<p><a href=\"http:\/\/www.gesundequartiere.de\/wp-content\/uploads\/2017\/09\/HAG_StadtpunkteThema_2017-02.pdf\"><img loading=\"lazy\" decoding=\"async\" class=\"alignleft wp-image-609\" src=\"http:\/\/www.gesundequartiere.de\/wp-content\/uploads\/2017\/09\/Stadtpunkte-Thema_-2017-02_-HAG.png\" alt=\"\" width=\"118\" height=\"174\" \/><\/a><a href=\"http:\/\/www.gesundequartiere.de\/wp-content\/uploads\/2017\/09\/HAG_StadtpunkteThema_2017-02.pdf\" target=\"_blank\" rel=\"noopener noreferrer\">HAG_StadtpunkteThema_2017-02<\/a><\/p>\n<p>Die Zeitschrift StadtpunkteThema der <a href=\"http:\/\/www.hag-gesundheit.de\/\" target=\"_blank\" rel=\"noopener noreferrer\">Hamburgischen Arbeitsgemeinschaft f\u00fcr Gesundheitsf\u00f6rderung e.V. <\/a>erscheint zweimal j\u00e4hrlich mit aktuellen Themen zur Gesundheitsf\u00f6rderung. Dieses Mal mit einem Beitrag zum Quartiersprojekt von Prof. Dr. Joachim Westenh\u00f6fer (siehe Seite 15-16).<\/p>\n<p><img loading=\"lazy\" decoding=\"async\" class=\"size-medium wp-image-1122 alignleft\" src=\"http:\/\/www.gesundequartiere.de\/wp-content\/uploads\/2021\/06\/Cover_Bild-213x300.jpg\" alt=\"\" width=\"213\" height=\"300\" srcset=\"https:\/\/gesundequartiere.de\/wp-content\/uploads\/2021\/06\/Cover_Bild-213x300.jpg 213w, https:\/\/gesundequartiere.de\/wp-content\/uploads\/2021\/06\/Cover_Bild.jpg 414w\" sizes=\"auto, (max-width: 213px) 100vw, 213px\" \/> Zum 1. Juli 2021 erscheint das Buch &#8222;Gesunde Quartiere&#8220; als zusammenfassender Bericht \u00fcber das Projekt Gesunde Quartiere. <a href=\"http:\/\/www.gesundequartiere.de\/index.php\/2021\/06\/28\/buch-zum-projektergebnis-veroeffentlicht\/\">Informationen zur Buchver\u00f6ffentlichung<\/a><\/p>\n","protected":false},"excerpt":{"rendered":"<p>Bergedorfer Zeitung_2018_03_20 Die Bergedorfer Zeitung berichtete \u00fcber die anstehende Befragung des Forschungsverbundes in Hamburgern Quartieren. Auch die Meinung von Bewohnerinnen und Bewohner des Stadtteils Lohbr\u00fcgge ist gefragt. HAG_StadtpunkteThema_2017-02 Die Zeitschrift StadtpunkteThema der Hamburgischen Arbeitsgemeinschaft f\u00fcr Gesundheitsf\u00f6rderung e.V. erscheint zweimal j\u00e4hrlich <a class=\"more-link\" href=\"https:\/\/gesundequartiere.de\/index.php\/gesundequartiere1\/ein-startseiten-abschnitt\/\">weiterlesen&#8230;<\/a><\/p>\n","protected":false},"author":1,"featured_media":609,"parent":24,"menu_order":4,"comment_status":"closed","ping_status":"closed","template":"","meta":{"footnotes":""},"class_list":["post-28","page","type-page","status-publish","has-post-thumbnail","hentry"],"_links":{"self":[{"href":"https:\/\/gesundequartiere.de\/index.php\/wp-json\/wp\/v2\/pages\/28","targetHints":{"allow":["GET"]}}],"collection":[{"href":"https:\/\/gesundequartiere.de\/index.php\/wp-json\/wp\/v2\/pages"}],"about":[{"href":"https:\/\/gesundequartiere.de\/index.php\/wp-json\/wp\/v2\/types\/page"}],"author":[{"embeddable":true,"href":"https:\/\/gesundequartiere.de\/index.php\/wp-json\/wp\/v2\/users\/1"}],"replies":[{"embeddable":true,"href":"https:\/\/gesundequartiere.de\/index.php\/wp-json\/wp\/v2\/comments?post=28"}],"version-history":[{"count":9,"href":"https:\/\/gesundequartiere.de\/index.php\/wp-json\/wp\/v2\/pages\/28\/revisions"}],"predecessor-version":[{"id":1789,"href":"https:\/\/gesundequartiere.de\/index.php\/wp-json\/wp\/v2\/pages\/28\/revisions\/1789"}],"up":[{"embeddable":true,"href":"https:\/\/gesundequartiere.de\/index.php\/wp-json\/wp\/v2\/pages\/24"}],"wp:featuredmedia":[{"embeddable":true,"href":"https:\/\/gesundequartiere.de\/index.php\/wp-json\/wp\/v2\/media\/609"}],"wp:attachment":[{"href":"https:\/\/gesundequartiere.de\/index.php\/wp-json\/wp\/v2\/media?parent=28"}],"curies":[{"name":"wp","href":"https:\/\/api.w.org\/{rel}","templated":true}]}}