{"id":402,"date":"2017-10-25T12:03:23","date_gmt":"2017-10-25T10:03:23","guid":{"rendered":"http:\/\/www.gesundequartiere.de\/wordpress\/?page_id=402"},"modified":"2024-08-01T11:26:24","modified_gmt":"2024-08-01T09:26:24","slug":"prof-dr-joachim-westenhoefer","status":"publish","type":"page","link":"https:\/\/gesundequartiere.de\/index.php\/gesundequartiere1\/ueber-mich\/prof-dr-joachim-westenhoefer\/","title":{"rendered":"Prof. Dr. Joachim Westenh\u00f6fer"},"content":{"rendered":"<p><img loading=\"lazy\" decoding=\"async\" class=\"size-full wp-image-324\" src=\"http:\/\/www.gesundequartiere.de\/wp-content\/uploads\/2017\/10\/Westenh\u00f6fer-Joachim-Kopie.jpg\" alt=\"\" width=\"150\" height=\"200\" \/><\/p>\n<p>Professor f\u00fcr Ern\u00e4hrungs- und Gesundheitspsychologie am Department Gesundheitswissenschaften der Fakult\u00e4t Life Sciences der HAW Hamburg<\/p>\n<p><strong>Forschungsschwerpunkte <\/strong><\/p>\n<ul>\n<li>Entstehung und Therapie von Adipositas sowie von Essst\u00f6rungen<\/li>\n<li>Soziale und psychische Einflussfaktoren auf das Essverhalten<\/li>\n<\/ul>\n<p><strong>Arbeitsschwerpunkte im Projekt \u201cGesunde Quartiere\u201d <\/strong><\/p>\n<ul>\n<li>Konzeptentwicklung und Implementierungsplanung des Projekts<\/li>\n<li>Entwicklung von \u00e4nderungssensitiven Gesundheitsindikatoren<\/li>\n<\/ul>\n","protected":false},"excerpt":{"rendered":"<p>Professor f\u00fcr Ern\u00e4hrungs- und Gesundheitspsychologie am Department Gesundheitswissenschaften der Fakult\u00e4t Life Sciences der HAW Hamburg Forschungsschwerpunkte Entstehung und Therapie von Adipositas sowie von Essst\u00f6rungen Soziale und psychische Einflussfaktoren auf das Essverhalten Arbeitsschwerpunkte im Projekt \u201cGesunde Quartiere\u201d Konzeptentwicklung und Implementierungsplanung des <a class=\"more-link\" href=\"https:\/\/gesundequartiere.de\/index.php\/gesundequartiere1\/ueber-mich\/prof-dr-joachim-westenhoefer\/\">weiterlesen&#8230;<\/a><\/p>\n","protected":false},"author":1,"featured_media":324,"parent":25,"menu_order":1,"comment_status":"closed","ping_status":"closed","template":"","meta":{"footnotes":""},"class_list":["post-402","page","type-page","status-publish","has-post-thumbnail","hentry"],"_links":{"self":[{"href":"https:\/\/gesundequartiere.de\/index.php\/wp-json\/wp\/v2\/pages\/402","targetHints":{"allow":["GET"]}}],"collection":[{"href":"https:\/\/gesundequartiere.de\/index.php\/wp-json\/wp\/v2\/pages"}],"about":[{"href":"https:\/\/gesundequartiere.de\/index.php\/wp-json\/wp\/v2\/types\/page"}],"author":[{"embeddable":true,"href":"https:\/\/gesundequartiere.de\/index.php\/wp-json\/wp\/v2\/users\/1"}],"replies":[{"embeddable":true,"href":"https:\/\/gesundequartiere.de\/index.php\/wp-json\/wp\/v2\/comments?post=402"}],"version-history":[{"count":6,"href":"https:\/\/gesundequartiere.de\/index.php\/wp-json\/wp\/v2\/pages\/402\/revisions"}],"predecessor-version":[{"id":425,"href":"https:\/\/gesundequartiere.de\/index.php\/wp-json\/wp\/v2\/pages\/402\/revisions\/425"}],"up":[{"embeddable":true,"href":"https:\/\/gesundequartiere.de\/index.php\/wp-json\/wp\/v2\/pages\/25"}],"wp:featuredmedia":[{"embeddable":true,"href":"https:\/\/gesundequartiere.de\/index.php\/wp-json\/wp\/v2\/media\/324"}],"wp:attachment":[{"href":"https:\/\/gesundequartiere.de\/index.php\/wp-json\/wp\/v2\/media?parent=402"}],"curies":[{"name":"wp","href":"https:\/\/api.w.org\/{rel}","templated":true}]}}