{"id":407,"date":"2017-10-25T12:11:23","date_gmt":"2017-10-25T10:11:23","guid":{"rendered":"http:\/\/www.gesundequartiere.de\/wordpress\/?page_id=407"},"modified":"2024-08-01T11:26:35","modified_gmt":"2024-08-01T09:26:35","slug":"prof-dr-susanne-busch","status":"publish","type":"page","link":"https:\/\/gesundequartiere.de\/index.php\/gesundequartiere1\/ueber-mich\/prof-dr-susanne-busch\/","title":{"rendered":"Prof. Dr. Susanne Busch"},"content":{"rendered":"<p><img loading=\"lazy\" decoding=\"async\" class=\"size-full wp-image-320\" src=\"http:\/\/www.gesundequartiere.de\/wp-content\/uploads\/2017\/10\/Susanne-Busch-Kopie.jpg\" alt=\"\" width=\"150\" height=\"202\" \/><\/p>\n<p>Professorin f\u00fcr Gesundheits\u00f6konomie und -management am Department Pflege und Management der Fakult\u00e4t Wirtschaft und Soziales der HAW Hamburg<\/p>\n<p><strong>Forschungsschwerpunkte<\/strong><\/p>\n<ul>\n<li>Gesundheits- und pflegepolitische Entwicklungen<\/li>\n<li>Versorgungsforschung mit Schwerpunkt auf Demenz<\/li>\n<li>Aktuelle Versorgungskonzepte im Gesundheitsbereich<\/li>\n<li>Akademisierung von Gesundheitsdienstberufen<\/li>\n<\/ul>\n<p><strong>Arbeitsschwerpunkte im Projekt \u201cGesunde Quartiere\u201d <\/strong><\/p>\n<ul>\n<li>Analyse von Daten der Gesetzlichen Krankenkassenversicherung (GKV)<\/li>\n<li>Bestandsaufnahme, Erfahrungen, Partizipation und Kooperation stadtteilorientierter Gesundheitsf\u00f6rderung in Hamburg<\/li>\n<li>Interventionen zur Gesundheitsf\u00f6rderung und Pr\u00e4vention in bestimmten Quartieren<\/li>\n<\/ul>\n","protected":false},"excerpt":{"rendered":"<p>Professorin f\u00fcr Gesundheits\u00f6konomie und -management am Department Pflege und Management der Fakult\u00e4t Wirtschaft und Soziales der HAW Hamburg Forschungsschwerpunkte Gesundheits- und pflegepolitische Entwicklungen Versorgungsforschung mit Schwerpunkt auf Demenz Aktuelle Versorgungskonzepte im Gesundheitsbereich Akademisierung von Gesundheitsdienstberufen Arbeitsschwerpunkte im Projekt \u201cGesunde Quartiere\u201d <a class=\"more-link\" href=\"https:\/\/gesundequartiere.de\/index.php\/gesundequartiere1\/ueber-mich\/prof-dr-susanne-busch\/\">weiterlesen&#8230;<\/a><\/p>\n","protected":false},"author":1,"featured_media":320,"parent":25,"menu_order":2,"comment_status":"closed","ping_status":"closed","template":"","meta":{"footnotes":""},"class_list":["post-407","page","type-page","status-publish","has-post-thumbnail","hentry"],"_links":{"self":[{"href":"https:\/\/gesundequartiere.de\/index.php\/wp-json\/wp\/v2\/pages\/407","targetHints":{"allow":["GET"]}}],"collection":[{"href":"https:\/\/gesundequartiere.de\/index.php\/wp-json\/wp\/v2\/pages"}],"about":[{"href":"https:\/\/gesundequartiere.de\/index.php\/wp-json\/wp\/v2\/types\/page"}],"author":[{"embeddable":true,"href":"https:\/\/gesundequartiere.de\/index.php\/wp-json\/wp\/v2\/users\/1"}],"replies":[{"embeddable":true,"href":"https:\/\/gesundequartiere.de\/index.php\/wp-json\/wp\/v2\/comments?post=407"}],"version-history":[{"count":4,"href":"https:\/\/gesundequartiere.de\/index.php\/wp-json\/wp\/v2\/pages\/407\/revisions"}],"predecessor-version":[{"id":426,"href":"https:\/\/gesundequartiere.de\/index.php\/wp-json\/wp\/v2\/pages\/407\/revisions\/426"}],"up":[{"embeddable":true,"href":"https:\/\/gesundequartiere.de\/index.php\/wp-json\/wp\/v2\/pages\/25"}],"wp:featuredmedia":[{"embeddable":true,"href":"https:\/\/gesundequartiere.de\/index.php\/wp-json\/wp\/v2\/media\/320"}],"wp:attachment":[{"href":"https:\/\/gesundequartiere.de\/index.php\/wp-json\/wp\/v2\/media?parent=407"}],"curies":[{"name":"wp","href":"https:\/\/api.w.org\/{rel}","templated":true}]}}