{"id":413,"date":"2017-10-25T12:16:23","date_gmt":"2017-10-25T10:16:23","guid":{"rendered":"http:\/\/www.gesundequartiere.de\/wordpress\/?page_id=413"},"modified":"2024-08-01T11:26:48","modified_gmt":"2024-08-01T09:26:48","slug":"prof-dr-olaf-von-dem-knesebeck","status":"publish","type":"page","link":"https:\/\/gesundequartiere.de\/index.php\/gesundequartiere1\/ueber-mich\/prof-dr-olaf-von-dem-knesebeck\/","title":{"rendered":"Prof. Dr. Olaf von dem Knesebeck"},"content":{"rendered":"<p><img loading=\"lazy\" decoding=\"async\" class=\"alignleft size-full wp-image-308\" src=\"http:\/\/www.gesundequartiere.de\/wp-content\/uploads\/2017\/09\/Olaf-v.d.-Knesebeck.jpg\" alt=\"\" width=\"150\" height=\"200\" \/><\/p>\n<p>&nbsp;<\/p>\n<p>&nbsp;<\/p>\n<p>&nbsp;<\/p>\n<p>&nbsp;<\/p>\n<p>&nbsp;<\/p>\n<p>Professor f\u00fcr Medizinische Soziologie am Universit\u00e4tsklinikum Hamburg-Eppendorf<\/p>\n<p><strong>Forschungsschwerpunkte<\/strong><\/p>\n<ul>\n<li>Soziale Einfl\u00fcsse auf Gesundheit und Versorgung<\/li>\n<li>Pr\u00e4ventionsforschung<\/li>\n<li>Evaluationsforschung<\/li>\n<li>Stigmaforschung<\/li>\n<\/ul>\n<p><strong>Arbeitsschwerpunkte im Projekt \u201cGesunde Quartiere\u201d <\/strong><\/p>\n<ul>\n<li>Systematisches Literaturreview zur Wirksamkeit von gesundheitsf\u00f6rderlichen Ma\u00dfnahmen in st\u00e4dtischen Gebieten\/Quartieren<\/li>\n<li>Prim\u00e4rdatenerhebung und -auswertung zur gesundheitlichen Situation in den ausgew\u00e4hlten Quartieren<\/li>\n<li>Strategie- und Prozessevaluation der entwickelten Gesundheitsf\u00f6rderungsintervention<\/li>\n<\/ul>\n","protected":false},"excerpt":{"rendered":"<p>&nbsp; &nbsp; &nbsp; &nbsp; &nbsp; Professor f\u00fcr Medizinische Soziologie am Universit\u00e4tsklinikum Hamburg-Eppendorf Forschungsschwerpunkte Soziale Einfl\u00fcsse auf Gesundheit und Versorgung Pr\u00e4ventionsforschung Evaluationsforschung Stigmaforschung Arbeitsschwerpunkte im Projekt \u201cGesunde Quartiere\u201d Systematisches Literaturreview zur Wirksamkeit von gesundheitsf\u00f6rderlichen Ma\u00dfnahmen in st\u00e4dtischen Gebieten\/Quartieren Prim\u00e4rdatenerhebung und -auswertung <a class=\"more-link\" href=\"https:\/\/gesundequartiere.de\/index.php\/gesundequartiere1\/ueber-mich\/prof-dr-olaf-von-dem-knesebeck\/\">weiterlesen&#8230;<\/a><\/p>\n","protected":false},"author":1,"featured_media":0,"parent":25,"menu_order":3,"comment_status":"closed","ping_status":"closed","template":"","meta":{"footnotes":""},"class_list":["post-413","page","type-page","status-publish","hentry"],"_links":{"self":[{"href":"https:\/\/gesundequartiere.de\/index.php\/wp-json\/wp\/v2\/pages\/413","targetHints":{"allow":["GET"]}}],"collection":[{"href":"https:\/\/gesundequartiere.de\/index.php\/wp-json\/wp\/v2\/pages"}],"about":[{"href":"https:\/\/gesundequartiere.de\/index.php\/wp-json\/wp\/v2\/types\/page"}],"author":[{"embeddable":true,"href":"https:\/\/gesundequartiere.de\/index.php\/wp-json\/wp\/v2\/users\/1"}],"replies":[{"embeddable":true,"href":"https:\/\/gesundequartiere.de\/index.php\/wp-json\/wp\/v2\/comments?post=413"}],"version-history":[{"count":2,"href":"https:\/\/gesundequartiere.de\/index.php\/wp-json\/wp\/v2\/pages\/413\/revisions"}],"predecessor-version":[{"id":415,"href":"https:\/\/gesundequartiere.de\/index.php\/wp-json\/wp\/v2\/pages\/413\/revisions\/415"}],"up":[{"embeddable":true,"href":"https:\/\/gesundequartiere.de\/index.php\/wp-json\/wp\/v2\/pages\/25"}],"wp:attachment":[{"href":"https:\/\/gesundequartiere.de\/index.php\/wp-json\/wp\/v2\/media?parent=413"}],"curies":[{"name":"wp","href":"https:\/\/api.w.org\/{rel}","templated":true}]}}