{"id":429,"date":"2017-10-25T12:34:01","date_gmt":"2017-10-25T10:34:01","guid":{"rendered":"http:\/\/www.gesundequartiere.de\/wordpress\/?page_id=429"},"modified":"2024-08-01T11:27:08","modified_gmt":"2024-08-01T09:27:08","slug":"pd-dr-rer-biol-hum-enno-swart","status":"publish","type":"page","link":"https:\/\/gesundequartiere.de\/index.php\/gesundequartiere1\/ueber-mich\/pd-dr-rer-biol-hum-enno-swart\/","title":{"rendered":"PD Dr. rer. biol. hum Enno Swart"},"content":{"rendered":"<p><img loading=\"lazy\" decoding=\"async\" class=\"size-full wp-image-321\" src=\"http:\/\/www.gesundequartiere.de\/wp-content\/uploads\/2017\/10\/Enno-Swart-Kopie.jpg\" alt=\"\" width=\"150\" height=\"201\" \/><br \/>\nWissenschaftlicher Mitarbeiter und Leiter des Fachbereichs Epidemiologie am Institut f\u00fcr Sozialmedizin und Gesundheits\u00f6konomie der Otto-von-Guericke-Universit\u00e4t Magdeburg<\/p>\n<p><strong>Forschungsschwerpunkte<\/strong><\/p>\n<ul>\n<li>Epidemiologie<\/li>\n<li>Versorgungsforschung<\/li>\n<li>Gesundheitssystemforschung<\/li>\n<li>Erschlie\u00dfung und wissenschaftlichen Nutzung von Sekund\u00e4rdaten sowie Abrechnungsdaten der gesetzlichen Krankenversicherung<\/li>\n<\/ul>\n<p><strong>Arbeitsschwerpunkte im Projekt \u201cGesunde Quartiere\u201d <\/strong><\/p>\n<ul>\n<li>Analyse von Daten der Gesetzlichen Krankenkassenversicherung (GKV) sowie Pr\u00fcfung, Aufbereitung und Analyse der Abrechnungsdaten<\/li>\n<li>Mitwirkung bei der Entwicklung eines kleinr\u00e4umigen Gesundheitsinformationssystems<\/li>\n<\/ul>\n","protected":false},"excerpt":{"rendered":"<p>Wissenschaftlicher Mitarbeiter und Leiter des Fachbereichs Epidemiologie am Institut f\u00fcr Sozialmedizin und Gesundheits\u00f6konomie der Otto-von-Guericke-Universit\u00e4t Magdeburg Forschungsschwerpunkte Epidemiologie Versorgungsforschung Gesundheitssystemforschung Erschlie\u00dfung und wissenschaftlichen Nutzung von Sekund\u00e4rdaten sowie Abrechnungsdaten der gesetzlichen Krankenversicherung Arbeitsschwerpunkte im Projekt \u201cGesunde Quartiere\u201d Analyse von Daten der <a class=\"more-link\" href=\"https:\/\/gesundequartiere.de\/index.php\/gesundequartiere1\/ueber-mich\/pd-dr-rer-biol-hum-enno-swart\/\">weiterlesen&#8230;<\/a><\/p>\n","protected":false},"author":1,"featured_media":0,"parent":25,"menu_order":5,"comment_status":"closed","ping_status":"closed","template":"","meta":{"footnotes":""},"class_list":["post-429","page","type-page","status-publish","hentry"],"_links":{"self":[{"href":"https:\/\/gesundequartiere.de\/index.php\/wp-json\/wp\/v2\/pages\/429","targetHints":{"allow":["GET"]}}],"collection":[{"href":"https:\/\/gesundequartiere.de\/index.php\/wp-json\/wp\/v2\/pages"}],"about":[{"href":"https:\/\/gesundequartiere.de\/index.php\/wp-json\/wp\/v2\/types\/page"}],"author":[{"embeddable":true,"href":"https:\/\/gesundequartiere.de\/index.php\/wp-json\/wp\/v2\/users\/1"}],"replies":[{"embeddable":true,"href":"https:\/\/gesundequartiere.de\/index.php\/wp-json\/wp\/v2\/comments?post=429"}],"version-history":[{"count":1,"href":"https:\/\/gesundequartiere.de\/index.php\/wp-json\/wp\/v2\/pages\/429\/revisions"}],"predecessor-version":[{"id":430,"href":"https:\/\/gesundequartiere.de\/index.php\/wp-json\/wp\/v2\/pages\/429\/revisions\/430"}],"up":[{"embeddable":true,"href":"https:\/\/gesundequartiere.de\/index.php\/wp-json\/wp\/v2\/pages\/25"}],"wp:attachment":[{"href":"https:\/\/gesundequartiere.de\/index.php\/wp-json\/wp\/v2\/media?parent=429"}],"curies":[{"name":"wp","href":"https:\/\/api.w.org\/{rel}","templated":true}]}}